{"id":1178,"date":"2018-05-21T03:59:12","date_gmt":"2018-05-21T00:59:12","guid":{"rendered":"https:\/\/www.maof-olim.co.il\/?page_id=1178"},"modified":"2021-04-20T02:19:33","modified_gmt":"2021-04-19T23:19:33","slug":"qui-sommes-nous-2","status":"publish","type":"page","link":"https:\/\/www.maof-olim.co.il\/fr\/qui-sommes-nous-2\/","title":{"rendered":"Qui sommes-nous"},"content":{"rendered":"<div class=\"wpb-content-wrapper\"><p>[vc_row css_animation=\u00a0\u00bb\u00a0\u00bb row_type=\u00a0\u00bbrow\u00a0\u00bb use_row_as_full_screen_section=\u00a0\u00bbno\u00a0\u00bb type=\u00a0\u00bbfull_width\u00a0\u00bb angled_section=\u00a0\u00bbno\u00a0\u00bb text_align=\u00a0\u00bbleft\u00a0\u00bb background_image_as_pattern=\u00a0\u00bbwithout_pattern\u00a0\u00bb][vc_column][rev_slider_vc alias=\u00a0\u00bbstripbluesliderenglish\u00a0\u00bb][\/vc_column][\/vc_row][vc_row css_animation=\u00a0\u00bb\u00a0\u00bb row_type=\u00a0\u00bbrow\u00a0\u00bb use_row_as_full_screen_section=\u00a0\u00bbno\u00a0\u00bb type=\u00a0\u00bbfull_width\u00a0\u00bb angled_section=\u00a0\u00bbno\u00a0\u00bb text_align=\u00a0\u00bbleft\u00a0\u00bb background_image_as_pattern=\u00a0\u00bbwithout_pattern\u00a0\u00bb][vc_column][rev_slider_vc alias=\u00a0\u00bbpages-slider-new\u00a0\u00bb][\/vc_column][\/vc_row][vc_row css_animation=\u00a0\u00bb\u00a0\u00bb row_type=\u00a0\u00bbrow\u00a0\u00bb use_row_as_full_screen_section=\u00a0\u00bbno\u00a0\u00bb type=\u00a0\u00bbfull_width\u00a0\u00bb angled_section=\u00a0\u00bbno\u00a0\u00bb text_align=\u00a0\u00bbleft\u00a0\u00bb background_image_as_pattern=\u00a0\u00bbwithout_pattern\u00a0\u00bb][vc_column][vc_empty_space][\/vc_column][\/vc_row][vc_row css_animation=\u00a0\u00bb\u00a0\u00bb row_type=\u00a0\u00bbrow\u00a0\u00bb use_row_as_full_screen_section=\u00a0\u00bbno\u00a0\u00bb type=\u00a0\u00bbfull_width\u00a0\u00bb angled_section=\u00a0\u00bbno\u00a0\u00bb text_align=\u00a0\u00bbleft\u00a0\u00bb background_image_as_pattern=\u00a0\u00bbwithout_pattern\u00a0\u00bb][vc_column width=\u00a0\u00bb1\/3&Prime; el_class=\u00a0\u00bbcontact-form-home\u00a0\u00bb][vc_column_text]<\/p>\n<h3 dir=\"ltr\" style=\"text-align: left;\"><span class=\"fontstyle0\">Contactez-nous<\/span><\/h3>\n<p>[\/vc_column_text][vc_column_text]<\/p>\n<h3 dir=\"ltr\" style=\"text-align: left;\"><span class=\"fontstyle0\">Laissez-nous vos coordonn\u00e9es et nous vous contacterons dans les plus brefs d\u00e9lais:<\/span><\/h3>\n<p>[\/vc_column_text][vc_column_text]<\/p>\n<p dir=\"ltr\" style=\"text-align: left;\">\n<div class=\"wpcf7 no-js\" id=\"wpcf7-f1310-o1\" lang=\"\" dir=\"ltr\" data-wpcf7-id=\"1310\">\n<div class=\"screen-reader-response\"><p role=\"status\" aria-live=\"polite\" aria-atomic=\"true\"><\/p> <ul><\/ul><\/div>\n<form action=\"\/fr\/wp-json\/wp\/v2\/pages\/1178#wpcf7-f1310-o1\" method=\"post\" class=\"wpcf7-form init\" aria-label=\"Formulaire de contact\" enctype=\"multipart\/form-data\" novalidate=\"novalidate\" data-status=\"init\">\n<fieldset class=\"hidden-fields-container\"><input type=\"hidden\" name=\"_wpcf7\" value=\"1310\" \/><input type=\"hidden\" name=\"_wpcf7_version\" value=\"6.1.5\" \/><input type=\"hidden\" name=\"_wpcf7_locale\" value=\"\" \/><input type=\"hidden\" name=\"_wpcf7_unit_tag\" value=\"wpcf7-f1310-o1\" \/><input type=\"hidden\" name=\"_wpcf7_container_post\" value=\"0\" \/><input type=\"hidden\" name=\"_wpcf7_posted_data_hash\" value=\"\" \/><input type=\"hidden\" name=\"_wpcf7_recaptcha_response\" value=\"\" \/>\n<\/fieldset>\n<p dir=\"ltr\" style=\"text-align: left;><span class=\"wpcf7-form-control-wrap\" data-name=\"your-name\"><input size=\"40\" maxlength=\"400\" class=\"wpcf7-form-control wpcf7-text wpcf7-validates-as-required\" aria-required=\"true\" aria-invalid=\"false\" placeholder=\"Nom et pr\u00e9nom:\" value=\"\" type=\"text\" name=\"your-name\" \/><\/span>\n<\/p>\n<p dir=\"ltr\" style=\"text-align: left;><span class=\"wpcf7-form-control-wrap\" data-name=\"your-email\"><input size=\"40\" maxlength=\"400\" class=\"wpcf7-form-control wpcf7-email wpcf7-validates-as-required wpcf7-text wpcf7-validates-as-email\" aria-required=\"true\" aria-invalid=\"false\" placeholder=\"e-mail:\" value=\"\" type=\"email\" name=\"your-email\" \/><\/span>\n<\/p>\n<p dir=\"ltr\" style=\"text-align: left;><span class=\"wpcf7-form-control-wrap\" data-name=\"tel-66\"><input size=\"40\" maxlength=\"400\" class=\"wpcf7-form-control wpcf7-tel wpcf7-validates-as-required wpcf7-text wpcf7-validates-as-tel tel-66\" aria-required=\"true\" aria-invalid=\"false\" placeholder=\"T\u00e9l\u00e9phone:\" value=\"\" type=\"tel\" name=\"tel-66\" \/><\/span>\n<\/p>\n<p dir=\"ltr\" style=\"text-align: left;><span class=\"wpcf7-form-control-wrap\" data-name=\"city\"><input size=\"40\" maxlength=\"400\" class=\"wpcf7-form-control wpcf7-text wpcf7-validates-as-required\" aria-required=\"true\" aria-invalid=\"false\" placeholder=\"Ville:\" value=\"\" type=\"text\" name=\"city\" \/><\/span>\n<\/p>\n<p dir=\"ltr\" style=\"text-align: left;> *Joignez votre CV>> <span class=\"wpcf7-form-control-wrap\" data-name=\"file-404\"><input size=\"40\" class=\"wpcf7-form-control wpcf7-file\" accept=\"audio\/*,video\/*,image\/*\" aria-invalid=\"false\" type=\"file\" name=\"file-404\" \/><\/span>\n<\/p>\n<p><input class=\"wpcf7-form-control wpcf7-submit has-spinner\" type=\"submit\" value=\"Envoyer\" \/>\n<\/p><p style=\"display: none !important;\" class=\"akismet-fields-container\" data-prefix=\"_wpcf7_ak_\"><label>&#916;<textarea name=\"_wpcf7_ak_hp_textarea\" cols=\"45\" rows=\"8\" maxlength=\"100\"><\/textarea><\/label><input type=\"hidden\" id=\"ak_js_1\" name=\"_wpcf7_ak_js\" value=\"4\"\/><script type=\"text\/javascript\">\n\/* <![CDATA[ *\/\ndocument.getElementById( \"ak_js_1\" ).setAttribute( \"value\", ( new Date() ).getTime() );\n\/* ]]> *\/\n<\/script>\n<\/p><div class=\"wpcf7-response-output\" aria-hidden=\"true\"><\/div>\n<\/form>\n<\/div>\n<p>[\/vc_column_text][vc_empty_space][vc_column_text]<\/p>\n<h1 dir=\"ltr\" style=\"text-align: left;\"><span class=\"fontstyle0\"><span id=\"result_box\" class=\"short_text\" lang=\"fr\"><span class=\"\">Conf\u00e9rences et foires<\/span><\/span><\/span><\/h1>\n<p>[\/vc_column_text][vc_empty_space][vc_single_image image=\u00a0\u00bb624&Prime; img_size=\u00a0\u00bbfull\u00a0\u00bb onclick=\u00a0\u00bbcustom_link\u00a0\u00bb qode_css_animation=\u00a0\u00bb\u00a0\u00bb link=\u00a0\u00bb#\u00a0\u00bb][vc_column_text]<\/p>\n<h3 dir=\"ltr\" style=\"text-align: left;\"><span class=\"fontstyle0\"> 11.2017<br \/>\n<\/span><\/h3>\n<p>[\/vc_column_text][vc_column_text]<\/p>\n<p dir=\"ltr\" style=\"text-align: left;\"><span class=\"fontstyle0\">Salon de l&rsquo;aliyah en Am\u00e9rique du nord<\/span><\/p>\n<p>[\/vc_column_text][vc_empty_space][\/vc_column][vc_column width=\u00a0\u00bb2\/3&Prime;][vc_column_text]<\/p>\n<h1 dir=\"ltr\" style=\"text-align: left;\"><span class=\"fontstyle2\">A propos du Centre pour l&#8217;emploi pour immigrants et r\u00e9sidents de retour<\/span><\/h1>\n<p>[\/vc_column_text][vc_column_text]<\/p>\n<p dir=\"ltr\" style=\"text-align: left;\">Les Centres pour l&#8217;emploi pour immigrants et r\u00e9sidents de retour ont d\u00e9but\u00e9 leur activit\u00e9 d\u00e9but 2014.<br \/>\nL&rsquo;objectif est d&rsquo;int\u00e9grer les immigrants et les r\u00e9sidents de retour au march\u00e9 du travail isra\u00e9lien, de leur fournir un emploi correspondant \u00e0 leur exp\u00e9rience professionnelle, leur formation, leurs aptitudes et leurs aspirations.<\/p>\n<p dir=\"ltr\" style=\"text-align: left;\">S\u00e9lectionn\u00e9 par l&rsquo;appel d&rsquo;offre du Minist\u00e8re de l&rsquo;immigration et de l&rsquo;int\u00e9gration, les centres sont g\u00e9r\u00e9s par le groupe Maof Ressources Humaines. Nos centres sont r\u00e9partis dans tout Isra\u00ebl, de Naharya et Tib\u00e9riade au nord, jusqu&rsquo;\u00e0 Rishon leZion au centre.<br \/>\nDes consultants exp\u00e9riment\u00e9s en recrutement et dans le domaine de l&#8217;emploi, parlant plusieurs langues, accueillent les candidats et sont responsables de l&rsquo;accessibilit\u00e9 \u00e0 nos diff\u00e9rents services .<\/p>\n<p dir=\"ltr\" style=\"text-align: left;\">Les Centres sont reli\u00e9s \u00e0 un r\u00e9seau de 1500 employeurs de diff\u00e9rents domaines \u00e0 travers le pays, nous permettant d&rsquo;int\u00e9grer rapidement les immigrants et r\u00e9sidents de retour au march\u00e9 du travail.<\/p>\n<p>[\/vc_column_text][vc_empty_space][vc_column_text]<\/p>\n<h2 dir=\"ltr\" style=\"text-align: left;\">Nos centres<\/h2>\n<p>[\/vc_column_text][vc_empty_space][vc_column_text]<\/p>\n<h3 dir=\"ltr\" style=\"text-align: left;\">Natzrat Illit | Ha\u00effa | Afula | Hadera | Nahariya | Carmiel<br \/>\nHutsot Hamifratz | Tib\u00e9riade | Petah Tikva | Netanya<\/h3>\n<div id=\"gtx-trans\" style=\"position: absolute; left: 507px; top: 21.7188px;\">\n<div class=\"gtx-trans-icon\"><\/div>\n<\/div>\n<p>[\/vc_column_text][vc_empty_space][vc_gmaps link=\u00a0\u00bb#E-8_JTNDaWZyYW1lJTIwc3JjJTNEJTIyaHR0cHMlM0ElMkYlMkZ3d3cuZ29vZ2xlLmNvbSUyRm1hcHMlMkZlbWJlZCUzRnBiJTNEJTIxMW0xNiUyMTFtMTIlMjExbTMlMjExZDc2MjAzMS40MTc1MjQ0ODA4JTIxMmQzNS40MzQ1MTk3OTgwNTc2MyUyMTNkMzIuNDg3OTgyOTU5NTcwODMlMjEybTMlMjExZjAlMjEyZjAlMjEzZjAlMjEzbTIlMjExaTEwMjQlMjEyaTc2OCUyMTRmMTMuMSUyMTJtMSUyMTF6MTU3WHFOZWIxNVlnMTZyWG90ZWgxNVhYcDllVUlOZWMxNkxYbGRlYzE1blhuU0RYbDllVDE2blhtZGVkJTIxNWUwJTIxM20yJTIxMXNpdyUyMTJzaWwlMjE0djE1MTkyMTgzMjE1NDMlMjIlMjB3aWR0aCUzRCUyMjYwMCUyMiUyMGhlaWdodCUzRCUyMjQ1MCUyMiUyMGZyYW1lYm9yZGVyJTNEJTIyMCUyMiUyMHN0eWxlJTNEJTIyYm9yZGVyJTNBMCUyMiUyMGFsbG93ZnVsbHNjcmVlbiUzRSUzQyUyRmlmcmFtZSUzRQ==\u00a0\u00bb][\/vc_column][\/vc_row][vc_row css_animation=\u00a0\u00bb\u00a0\u00bb row_type=\u00a0\u00bbrow\u00a0\u00bb use_row_as_full_screen_section=\u00a0\u00bbno\u00a0\u00bb type=\u00a0\u00bbfull_width\u00a0\u00bb angled_section=\u00a0\u00bbno\u00a0\u00bb text_align=\u00a0\u00bbleft\u00a0\u00bb background_image_as_pattern=\u00a0\u00bbwithout_pattern\u00a0\u00bb][vc_column][vc_column_text][\/vc_column_text][\/vc_column][\/vc_row][vc_row css_animation=\u00a0\u00bb\u00a0\u00bb row_type=\u00a0\u00bbrow\u00a0\u00bb use_row_as_full_screen_section=\u00a0\u00bbno\u00a0\u00bb type=\u00a0\u00bbfull_width\u00a0\u00bb angled_section=\u00a0\u00bbno\u00a0\u00bb text_align=\u00a0\u00bbleft\u00a0\u00bb background_image_as_pattern=\u00a0\u00bbwithout_pattern\u00a0\u00bb][vc_column][vc_empty_space][\/vc_column][\/vc_row][vc_row css_animation=\u00a0\u00bb\u00a0\u00bb row_type=\u00a0\u00bbrow\u00a0\u00bb use_row_as_full_screen_section=\u00a0\u00bbno\u00a0\u00bb type=\u00a0\u00bbfull_width\u00a0\u00bb angled_section=\u00a0\u00bbno\u00a0\u00bb text_align=\u00a0\u00bbleft\u00a0\u00bb background_image_as_pattern=\u00a0\u00bbwithout_pattern\u00a0\u00bb][vc_column][vc_empty_space][\/vc_column][\/vc_row][vc_row css_animation=\u00a0\u00bb\u00a0\u00bb row_type=\u00a0\u00bbrow\u00a0\u00bb use_row_as_full_screen_section=\u00a0\u00bbno\u00a0\u00bb type=\u00a0\u00bbfull_width\u00a0\u00bb angled_section=\u00a0\u00bbno\u00a0\u00bb text_align=\u00a0\u00bbleft\u00a0\u00bb background_image_as_pattern=\u00a0\u00bbwithout_pattern\u00a0\u00bb][vc_column width=\u00a0\u00bb1\/2&Prime;][\/vc_column][vc_column width=\u00a0\u00bb1\/2&Prime;][vc_column_text][\/vc_column_text][\/vc_column][\/vc_row]<\/p>\n<\/div>","protected":false},"excerpt":{"rendered":"<p>[vc_row css_animation=\u00a0\u00bb\u00a0\u00bb row_type=\u00a0\u00bbrow\u00a0\u00bb use_row_as_full_screen_section=\u00a0\u00bbno\u00a0\u00bb type=\u00a0\u00bbfull_width\u00a0\u00bb angled_section=\u00a0\u00bbno\u00a0\u00bb text_align=\u00a0\u00bbleft\u00a0\u00bb background_image_as_pattern=\u00a0\u00bbwithout_pattern\u00a0\u00bb][vc_column][rev_slider_vc alias=\u00a0\u00bbstripbluesliderenglish\u00a0\u00bb][\/vc_column][\/vc_row][vc_row css_animation=\u00a0\u00bb\u00a0\u00bb row_type=\u00a0\u00bbrow\u00a0\u00bb use_row_as_full_screen_section=\u00a0\u00bbno\u00a0\u00bb type=\u00a0\u00bbfull_width\u00a0\u00bb angled_section=\u00a0\u00bbno\u00a0\u00bb text_align=\u00a0\u00bbleft\u00a0\u00bb background_image_as_pattern=\u00a0\u00bbwithout_pattern\u00a0\u00bb][vc_column][rev_slider_vc alias=\u00a0\u00bbpages-slider-new\u00a0\u00bb][\/vc_column][\/vc_row][vc_row css_animation=\u00a0\u00bb\u00a0\u00bb row_type=\u00a0\u00bbrow\u00a0\u00bb use_row_as_full_screen_section=\u00a0\u00bbno\u00a0\u00bb type=\u00a0\u00bbfull_width\u00a0\u00bb angled_section=\u00a0\u00bbno\u00a0\u00bb text_align=\u00a0\u00bbleft\u00a0\u00bb background_image_as_pattern=\u00a0\u00bbwithout_pattern\u00a0\u00bb][vc_column][vc_empty_space][\/vc_column][\/vc_row][vc_row css_animation=\u00a0\u00bb\u00a0\u00bb row_type=\u00a0\u00bbrow\u00a0\u00bb use_row_as_full_screen_section=\u00a0\u00bbno\u00a0\u00bb type=\u00a0\u00bbfull_width\u00a0\u00bb angled_section=\u00a0\u00bbno\u00a0\u00bb text_align=\u00a0\u00bbleft\u00a0\u00bb background_image_as_pattern=\u00a0\u00bbwithout_pattern\u00a0\u00bb][vc_column width=\u00a0\u00bb1\/3&Prime; el_class=\u00a0\u00bbcontact-form-home\u00a0\u00bb][vc_column_text] Contactez-nous [\/vc_column_text][vc_column_text] Laissez-nous vos coordonn\u00e9es et nous vous contacterons dans les plus&#8230;<\/p>\n","protected":false},"author":1,"featured_media":0,"parent":0,"menu_order":2,"comment_status":"closed","ping_status":"closed","template":"","meta":{"footnotes":""},"class_list":["post-1178","page","type-page","status-publish","hentry"],"yoast_head":"<!-- This site is optimized with the Yoast SEO plugin v27.5 - https:\/\/yoast.com\/product\/yoast-seo-wordpress\/ -->\n<title>Qui sommes-nous - \u05de\u05e8\u05db\u05d6 \u05ea\u05e2\u05e1\u05d5\u05e7\u05d4 \u05dc\u05e2\u05d5\u05dc\u05d9\u05dd \u05d7\u05d3\u05e9\u05d9\u05dd<\/title>\n<meta name=\"robots\" content=\"index, follow, max-snippet:-1, max-image-preview:large, max-video-preview:-1\" \/>\n<link rel=\"canonical\" href=\"https:\/\/www.maof-olim.co.il\/fr\/qui-sommes-nous-2\/\" \/>\n<meta property=\"og:locale\" content=\"fr_FR\" \/>\n<meta property=\"og:type\" content=\"article\" \/>\n<meta property=\"og:title\" content=\"Qui sommes-nous - \u05de\u05e8\u05db\u05d6 \u05ea\u05e2\u05e1\u05d5\u05e7\u05d4 \u05dc\u05e2\u05d5\u05dc\u05d9\u05dd \u05d7\u05d3\u05e9\u05d9\u05dd\" \/>\n<meta property=\"og:description\" content=\"[vc_row css_animation=\u00a0\u00bb\u00a0\u00bb row_type=\u00a0\u00bbrow\u00a0\u00bb use_row_as_full_screen_section=\u00a0\u00bbno\u00a0\u00bb type=\u00a0\u00bbfull_width\u00a0\u00bb angled_section=\u00a0\u00bbno\u00a0\u00bb text_align=\u00a0\u00bbleft\u00a0\u00bb background_image_as_pattern=\u00a0\u00bbwithout_pattern\u00a0\u00bb][vc_column][rev_slider_vc alias=\u00a0\u00bbstripbluesliderenglish\u00a0\u00bb][\/vc_column][\/vc_row][vc_row css_animation=\u00a0\u00bb\u00a0\u00bb row_type=\u00a0\u00bbrow\u00a0\u00bb use_row_as_full_screen_section=\u00a0\u00bbno\u00a0\u00bb type=\u00a0\u00bbfull_width\u00a0\u00bb angled_section=\u00a0\u00bbno\u00a0\u00bb text_align=\u00a0\u00bbleft\u00a0\u00bb background_image_as_pattern=\u00a0\u00bbwithout_pattern\u00a0\u00bb][vc_column][rev_slider_vc alias=\u00a0\u00bbpages-slider-new\u00a0\u00bb][\/vc_column][\/vc_row][vc_row css_animation=\u00a0\u00bb\u00a0\u00bb row_type=\u00a0\u00bbrow\u00a0\u00bb use_row_as_full_screen_section=\u00a0\u00bbno\u00a0\u00bb type=\u00a0\u00bbfull_width\u00a0\u00bb angled_section=\u00a0\u00bbno\u00a0\u00bb text_align=\u00a0\u00bbleft\u00a0\u00bb background_image_as_pattern=\u00a0\u00bbwithout_pattern\u00a0\u00bb][vc_column][vc_empty_space][\/vc_column][\/vc_row][vc_row css_animation=\u00a0\u00bb\u00a0\u00bb row_type=\u00a0\u00bbrow\u00a0\u00bb use_row_as_full_screen_section=\u00a0\u00bbno\u00a0\u00bb type=\u00a0\u00bbfull_width\u00a0\u00bb angled_section=\u00a0\u00bbno\u00a0\u00bb text_align=\u00a0\u00bbleft\u00a0\u00bb background_image_as_pattern=\u00a0\u00bbwithout_pattern\u00a0\u00bb][vc_column width=\u00a0\u00bb1\/3&Prime; el_class=\u00a0\u00bbcontact-form-home\u00a0\u00bb][vc_column_text] Contactez-nous [\/vc_column_text][vc_column_text] Laissez-nous vos coordonn\u00e9es et nous vous contacterons dans les plus...\" \/>\n<meta property=\"og:url\" content=\"https:\/\/www.maof-olim.co.il\/fr\/qui-sommes-nous-2\/\" \/>\n<meta property=\"og:site_name\" content=\"\u05de\u05e8\u05db\u05d6 \u05ea\u05e2\u05e1\u05d5\u05e7\u05d4 \u05dc\u05e2\u05d5\u05dc\u05d9\u05dd \u05d7\u05d3\u05e9\u05d9\u05dd\" \/>\n<meta property=\"article:publisher\" content=\"https:\/\/www.facebook.com\/jobsforolim\/\" \/>\n<meta property=\"article:modified_time\" content=\"2021-04-19T23:19:33+00:00\" \/>\n<meta name=\"twitter:card\" content=\"summary_large_image\" \/>\n<meta name=\"twitter:label1\" content=\"Dur\u00e9e de lecture estim\u00e9e\" \/>\n\t<meta name=\"twitter:data1\" content=\"2 minutes\" \/>\n<script type=\"application\/ld+json\" class=\"yoast-schema-graph\">{\"@context\":\"https:\\\/\\\/schema.org\",\"@graph\":[{\"@type\":\"WebPage\",\"@id\":\"https:\\\/\\\/www.maof-olim.co.il\\\/fr\\\/qui-sommes-nous-2\\\/\",\"url\":\"https:\\\/\\\/www.maof-olim.co.il\\\/fr\\\/qui-sommes-nous-2\\\/\",\"name\":\"Qui sommes-nous - \u05de\u05e8\u05db\u05d6 \u05ea\u05e2\u05e1\u05d5\u05e7\u05d4 \u05dc\u05e2\u05d5\u05dc\u05d9\u05dd \u05d7\u05d3\u05e9\u05d9\u05dd\",\"isPartOf\":{\"@id\":\"https:\\\/\\\/www.maof-olim.co.il\\\/fr\\\/#website\"},\"datePublished\":\"2018-05-21T00:59:12+00:00\",\"dateModified\":\"2021-04-19T23:19:33+00:00\",\"breadcrumb\":{\"@id\":\"https:\\\/\\\/www.maof-olim.co.il\\\/fr\\\/qui-sommes-nous-2\\\/#breadcrumb\"},\"inLanguage\":\"fr-FR\",\"potentialAction\":[{\"@type\":\"ReadAction\",\"target\":[\"https:\\\/\\\/www.maof-olim.co.il\\\/fr\\\/qui-sommes-nous-2\\\/\"]}]},{\"@type\":\"BreadcrumbList\",\"@id\":\"https:\\\/\\\/www.maof-olim.co.il\\\/fr\\\/qui-sommes-nous-2\\\/#breadcrumb\",\"itemListElement\":[{\"@type\":\"ListItem\",\"position\":1,\"name\":\"Home\",\"item\":\"https:\\\/\\\/www.maof-olim.co.il\\\/fr\\\/\"},{\"@type\":\"ListItem\",\"position\":2,\"name\":\"Qui sommes-nous\"}]},{\"@type\":\"WebSite\",\"@id\":\"https:\\\/\\\/www.maof-olim.co.il\\\/fr\\\/#website\",\"url\":\"https:\\\/\\\/www.maof-olim.co.il\\\/fr\\\/\",\"name\":\"\u05de\u05e8\u05db\u05d6 \u05ea\u05e2\u05e1\u05d5\u05e7\u05d4 \u05dc\u05e2\u05d5\u05dc\u05d9\u05dd \u05d7\u05d3\u05e9\u05d9\u05dd\",\"description\":\"\u05e9\u05d9\u05e8\u05d5\u05ea\u05d9 \u05ea\u05e2\u05e1\u05d5\u05e7\u05d4 \u05dc\u05e2\u05d5\u05dc\u05d9\u05dd \u05d7\u05d3\u05e9\u05d9\u05dd \u05d5\u05ea\u05d5\u05e9\u05d1\u05d9\u05dd \u05d7\u05d5\u05d6\u05e8\u05d9\u05dd\",\"publisher\":{\"@id\":\"https:\\\/\\\/www.maof-olim.co.il\\\/fr\\\/#organization\"},\"potentialAction\":[{\"@type\":\"SearchAction\",\"target\":{\"@type\":\"EntryPoint\",\"urlTemplate\":\"https:\\\/\\\/www.maof-olim.co.il\\\/fr\\\/?s={search_term_string}\"},\"query-input\":{\"@type\":\"PropertyValueSpecification\",\"valueRequired\":true,\"valueName\":\"search_term_string\"}}],\"inLanguage\":\"fr-FR\"},{\"@type\":\"Organization\",\"@id\":\"https:\\\/\\\/www.maof-olim.co.il\\\/fr\\\/#organization\",\"name\":\"\u05de\u05e8\u05db\u05d6 \u05d4\u05ea\u05e2\u05e1\u05d5\u05e7\u05d4 \u05dc\u05e2\u05d5\u05dc\u05d9\u05dd \u05d7\u05d3\u05e9\u05d9\u05dd \u05d5\u05ea\u05d5\u05e9\u05d1\u05d9\u05dd \u05d7\u05d5\u05d6\u05e8\u05d9\u05dd\",\"url\":\"https:\\\/\\\/www.maof-olim.co.il\\\/fr\\\/\",\"logo\":{\"@type\":\"ImageObject\",\"inLanguage\":\"fr-FR\",\"@id\":\"https:\\\/\\\/www.maof-olim.co.il\\\/fr\\\/#\\\/schema\\\/logo\\\/image\\\/\",\"url\":\"https:\\\/\\\/www.maof-olim.co.il\\\/wp-content\\\/uploads\\\/2018\\\/05\\\/eng-logo-olim.jpg\",\"contentUrl\":\"https:\\\/\\\/www.maof-olim.co.il\\\/wp-content\\\/uploads\\\/2018\\\/05\\\/eng-logo-olim.jpg\",\"width\":240,\"height\":70,\"caption\":\"\u05de\u05e8\u05db\u05d6 \u05d4\u05ea\u05e2\u05e1\u05d5\u05e7\u05d4 \u05dc\u05e2\u05d5\u05dc\u05d9\u05dd \u05d7\u05d3\u05e9\u05d9\u05dd \u05d5\u05ea\u05d5\u05e9\u05d1\u05d9\u05dd \u05d7\u05d5\u05d6\u05e8\u05d9\u05dd\"},\"image\":{\"@id\":\"https:\\\/\\\/www.maof-olim.co.il\\\/fr\\\/#\\\/schema\\\/logo\\\/image\\\/\"},\"sameAs\":[\"https:\\\/\\\/www.facebook.com\\\/jobsforolim\\\/\",\"https:\\\/\\\/www.youtube.com\\\/channel\\\/UCvkAAYaHm7ZY5UCHJfKf46w\"]}]}<\/script>\n<!-- \/ Yoast SEO plugin. -->","yoast_head_json":{"title":"Qui sommes-nous - \u05de\u05e8\u05db\u05d6 \u05ea\u05e2\u05e1\u05d5\u05e7\u05d4 \u05dc\u05e2\u05d5\u05dc\u05d9\u05dd \u05d7\u05d3\u05e9\u05d9\u05dd","robots":{"index":"index","follow":"follow","max-snippet":"max-snippet:-1","max-image-preview":"max-image-preview:large","max-video-preview":"max-video-preview:-1"},"canonical":"https:\/\/www.maof-olim.co.il\/fr\/qui-sommes-nous-2\/","og_locale":"fr_FR","og_type":"article","og_title":"Qui sommes-nous - \u05de\u05e8\u05db\u05d6 \u05ea\u05e2\u05e1\u05d5\u05e7\u05d4 \u05dc\u05e2\u05d5\u05dc\u05d9\u05dd \u05d7\u05d3\u05e9\u05d9\u05dd","og_description":"[vc_row css_animation=\u00a0\u00bb\u00a0\u00bb row_type=\u00a0\u00bbrow\u00a0\u00bb use_row_as_full_screen_section=\u00a0\u00bbno\u00a0\u00bb type=\u00a0\u00bbfull_width\u00a0\u00bb angled_section=\u00a0\u00bbno\u00a0\u00bb text_align=\u00a0\u00bbleft\u00a0\u00bb background_image_as_pattern=\u00a0\u00bbwithout_pattern\u00a0\u00bb][vc_column][rev_slider_vc alias=\u00a0\u00bbstripbluesliderenglish\u00a0\u00bb][\/vc_column][\/vc_row][vc_row css_animation=\u00a0\u00bb\u00a0\u00bb row_type=\u00a0\u00bbrow\u00a0\u00bb use_row_as_full_screen_section=\u00a0\u00bbno\u00a0\u00bb type=\u00a0\u00bbfull_width\u00a0\u00bb angled_section=\u00a0\u00bbno\u00a0\u00bb text_align=\u00a0\u00bbleft\u00a0\u00bb background_image_as_pattern=\u00a0\u00bbwithout_pattern\u00a0\u00bb][vc_column][rev_slider_vc alias=\u00a0\u00bbpages-slider-new\u00a0\u00bb][\/vc_column][\/vc_row][vc_row css_animation=\u00a0\u00bb\u00a0\u00bb row_type=\u00a0\u00bbrow\u00a0\u00bb use_row_as_full_screen_section=\u00a0\u00bbno\u00a0\u00bb type=\u00a0\u00bbfull_width\u00a0\u00bb angled_section=\u00a0\u00bbno\u00a0\u00bb text_align=\u00a0\u00bbleft\u00a0\u00bb background_image_as_pattern=\u00a0\u00bbwithout_pattern\u00a0\u00bb][vc_column][vc_empty_space][\/vc_column][\/vc_row][vc_row css_animation=\u00a0\u00bb\u00a0\u00bb row_type=\u00a0\u00bbrow\u00a0\u00bb use_row_as_full_screen_section=\u00a0\u00bbno\u00a0\u00bb type=\u00a0\u00bbfull_width\u00a0\u00bb angled_section=\u00a0\u00bbno\u00a0\u00bb text_align=\u00a0\u00bbleft\u00a0\u00bb background_image_as_pattern=\u00a0\u00bbwithout_pattern\u00a0\u00bb][vc_column width=\u00a0\u00bb1\/3&Prime; el_class=\u00a0\u00bbcontact-form-home\u00a0\u00bb][vc_column_text] Contactez-nous [\/vc_column_text][vc_column_text] Laissez-nous vos coordonn\u00e9es et nous vous contacterons dans les plus...","og_url":"https:\/\/www.maof-olim.co.il\/fr\/qui-sommes-nous-2\/","og_site_name":"\u05de\u05e8\u05db\u05d6 \u05ea\u05e2\u05e1\u05d5\u05e7\u05d4 \u05dc\u05e2\u05d5\u05dc\u05d9\u05dd \u05d7\u05d3\u05e9\u05d9\u05dd","article_publisher":"https:\/\/www.facebook.com\/jobsforolim\/","article_modified_time":"2021-04-19T23:19:33+00:00","twitter_card":"summary_large_image","twitter_misc":{"Dur\u00e9e de lecture estim\u00e9e":"2 minutes"},"schema":{"@context":"https:\/\/schema.org","@graph":[{"@type":"WebPage","@id":"https:\/\/www.maof-olim.co.il\/fr\/qui-sommes-nous-2\/","url":"https:\/\/www.maof-olim.co.il\/fr\/qui-sommes-nous-2\/","name":"Qui sommes-nous - \u05de\u05e8\u05db\u05d6 \u05ea\u05e2\u05e1\u05d5\u05e7\u05d4 \u05dc\u05e2\u05d5\u05dc\u05d9\u05dd \u05d7\u05d3\u05e9\u05d9\u05dd","isPartOf":{"@id":"https:\/\/www.maof-olim.co.il\/fr\/#website"},"datePublished":"2018-05-21T00:59:12+00:00","dateModified":"2021-04-19T23:19:33+00:00","breadcrumb":{"@id":"https:\/\/www.maof-olim.co.il\/fr\/qui-sommes-nous-2\/#breadcrumb"},"inLanguage":"fr-FR","potentialAction":[{"@type":"ReadAction","target":["https:\/\/www.maof-olim.co.il\/fr\/qui-sommes-nous-2\/"]}]},{"@type":"BreadcrumbList","@id":"https:\/\/www.maof-olim.co.il\/fr\/qui-sommes-nous-2\/#breadcrumb","itemListElement":[{"@type":"ListItem","position":1,"name":"Home","item":"https:\/\/www.maof-olim.co.il\/fr\/"},{"@type":"ListItem","position":2,"name":"Qui sommes-nous"}]},{"@type":"WebSite","@id":"https:\/\/www.maof-olim.co.il\/fr\/#website","url":"https:\/\/www.maof-olim.co.il\/fr\/","name":"\u05de\u05e8\u05db\u05d6 \u05ea\u05e2\u05e1\u05d5\u05e7\u05d4 \u05dc\u05e2\u05d5\u05dc\u05d9\u05dd \u05d7\u05d3\u05e9\u05d9\u05dd","description":"\u05e9\u05d9\u05e8\u05d5\u05ea\u05d9 \u05ea\u05e2\u05e1\u05d5\u05e7\u05d4 \u05dc\u05e2\u05d5\u05dc\u05d9\u05dd \u05d7\u05d3\u05e9\u05d9\u05dd \u05d5\u05ea\u05d5\u05e9\u05d1\u05d9\u05dd \u05d7\u05d5\u05d6\u05e8\u05d9\u05dd","publisher":{"@id":"https:\/\/www.maof-olim.co.il\/fr\/#organization"},"potentialAction":[{"@type":"SearchAction","target":{"@type":"EntryPoint","urlTemplate":"https:\/\/www.maof-olim.co.il\/fr\/?s={search_term_string}"},"query-input":{"@type":"PropertyValueSpecification","valueRequired":true,"valueName":"search_term_string"}}],"inLanguage":"fr-FR"},{"@type":"Organization","@id":"https:\/\/www.maof-olim.co.il\/fr\/#organization","name":"\u05de\u05e8\u05db\u05d6 \u05d4\u05ea\u05e2\u05e1\u05d5\u05e7\u05d4 \u05dc\u05e2\u05d5\u05dc\u05d9\u05dd \u05d7\u05d3\u05e9\u05d9\u05dd \u05d5\u05ea\u05d5\u05e9\u05d1\u05d9\u05dd \u05d7\u05d5\u05d6\u05e8\u05d9\u05dd","url":"https:\/\/www.maof-olim.co.il\/fr\/","logo":{"@type":"ImageObject","inLanguage":"fr-FR","@id":"https:\/\/www.maof-olim.co.il\/fr\/#\/schema\/logo\/image\/","url":"https:\/\/www.maof-olim.co.il\/wp-content\/uploads\/2018\/05\/eng-logo-olim.jpg","contentUrl":"https:\/\/www.maof-olim.co.il\/wp-content\/uploads\/2018\/05\/eng-logo-olim.jpg","width":240,"height":70,"caption":"\u05de\u05e8\u05db\u05d6 \u05d4\u05ea\u05e2\u05e1\u05d5\u05e7\u05d4 \u05dc\u05e2\u05d5\u05dc\u05d9\u05dd \u05d7\u05d3\u05e9\u05d9\u05dd \u05d5\u05ea\u05d5\u05e9\u05d1\u05d9\u05dd \u05d7\u05d5\u05d6\u05e8\u05d9\u05dd"},"image":{"@id":"https:\/\/www.maof-olim.co.il\/fr\/#\/schema\/logo\/image\/"},"sameAs":["https:\/\/www.facebook.com\/jobsforolim\/","https:\/\/www.youtube.com\/channel\/UCvkAAYaHm7ZY5UCHJfKf46w"]}]}},"_links":{"self":[{"href":"https:\/\/www.maof-olim.co.il\/fr\/wp-json\/wp\/v2\/pages\/1178","targetHints":{"allow":["GET"]}}],"collection":[{"href":"https:\/\/www.maof-olim.co.il\/fr\/wp-json\/wp\/v2\/pages"}],"about":[{"href":"https:\/\/www.maof-olim.co.il\/fr\/wp-json\/wp\/v2\/types\/page"}],"author":[{"embeddable":true,"href":"https:\/\/www.maof-olim.co.il\/fr\/wp-json\/wp\/v2\/users\/1"}],"replies":[{"embeddable":true,"href":"https:\/\/www.maof-olim.co.il\/fr\/wp-json\/wp\/v2\/comments?post=1178"}],"version-history":[{"count":7,"href":"https:\/\/www.maof-olim.co.il\/fr\/wp-json\/wp\/v2\/pages\/1178\/revisions"}],"predecessor-version":[{"id":5076,"href":"https:\/\/www.maof-olim.co.il\/fr\/wp-json\/wp\/v2\/pages\/1178\/revisions\/5076"}],"wp:attachment":[{"href":"https:\/\/www.maof-olim.co.il\/fr\/wp-json\/wp\/v2\/media?parent=1178"}],"curies":[{"name":"wp","href":"https:\/\/api.w.org\/{rel}","templated":true}]}}