{"id":1193,"date":"2018-05-21T04:05:31","date_gmt":"2018-05-21T01:05:31","guid":{"rendered":"https:\/\/www.maof-olim.co.il\/?page_id=1193"},"modified":"2018-06-04T16:55:49","modified_gmt":"2018-06-04T13:55:49","slug":"nos-services","status":"publish","type":"page","link":"https:\/\/www.maof-olim.co.il\/fr\/nos-services\/","title":{"rendered":"Nos services"},"content":{"rendered":"<div class=\"wpb-content-wrapper\"><p>[vc_row css_animation=\u00a0\u00bb\u00a0\u00bb row_type=\u00a0\u00bbrow\u00a0\u00bb use_row_as_full_screen_section=\u00a0\u00bbno\u00a0\u00bb type=\u00a0\u00bbfull_width\u00a0\u00bb angled_section=\u00a0\u00bbno\u00a0\u00bb text_align=\u00a0\u00bbleft\u00a0\u00bb background_image_as_pattern=\u00a0\u00bbwithout_pattern\u00a0\u00bb][vc_column][rev_slider_vc alias=\u00a0\u00bbstripbluesliderenglish\u00a0\u00bb][\/vc_column][\/vc_row][vc_row css_animation=\u00a0\u00bb\u00a0\u00bb row_type=\u00a0\u00bbrow\u00a0\u00bb use_row_as_full_screen_section=\u00a0\u00bbno\u00a0\u00bb type=\u00a0\u00bbfull_width\u00a0\u00bb angled_section=\u00a0\u00bbno\u00a0\u00bb text_align=\u00a0\u00bbleft\u00a0\u00bb background_image_as_pattern=\u00a0\u00bbwithout_pattern\u00a0\u00bb][vc_column][rev_slider_vc alias=\u00a0\u00bbpages-slider-new\u00a0\u00bb][\/vc_column][\/vc_row][vc_row css_animation=\u00a0\u00bb\u00a0\u00bb row_type=\u00a0\u00bbrow\u00a0\u00bb use_row_as_full_screen_section=\u00a0\u00bbno\u00a0\u00bb type=\u00a0\u00bbfull_width\u00a0\u00bb angled_section=\u00a0\u00bbno\u00a0\u00bb text_align=\u00a0\u00bbleft\u00a0\u00bb background_image_as_pattern=\u00a0\u00bbwithout_pattern\u00a0\u00bb][vc_column][vc_empty_space][\/vc_column][\/vc_row][vc_row css_animation=\u00a0\u00bb\u00a0\u00bb row_type=\u00a0\u00bbrow\u00a0\u00bb use_row_as_full_screen_section=\u00a0\u00bbno\u00a0\u00bb type=\u00a0\u00bbfull_width\u00a0\u00bb angled_section=\u00a0\u00bbno\u00a0\u00bb text_align=\u00a0\u00bbleft\u00a0\u00bb background_image_as_pattern=\u00a0\u00bbwithout_pattern\u00a0\u00bb][vc_column][vc_column_text]<\/p>\n<h2 dir=\"ltr\" style=\"text-align: left;\">Parmi les services fournis:<\/h2>\n<p>[\/vc_column_text][vc_column_text]<\/p>\n<p dir=\"ltr\" style=\"text-align: left;\"><img decoding=\"async\" class=\"alignnone size-full wp-image-644\" src=\"https:\/\/www.maof-olim.co.il\/wp-content\/uploads\/2018\/01\/icon-about-blue.png\" alt=\"\" width=\"25\" height=\"15\" \/> R\u00e9daction\/Mise \u00e0 niveau\/R\u00e9\u00e9criture\/Traduction de CV.<\/p>\n<p dir=\"ltr\" style=\"text-align: left;\"><img decoding=\"async\" class=\"alignnone size-full wp-image-644\" src=\"https:\/\/www.maof-olim.co.il\/wp-content\/uploads\/2018\/01\/icon-about-blue.png\" alt=\"\" width=\"25\" height=\"15\" \/>\u00a0\u00a0 Connaissance du march\u00e9 du travail isra\u00e9lien et du march\u00e9 du travail<br \/>\nde votre sp\u00e9cialit\u00e9.<\/p>\n<p dir=\"ltr\" style=\"text-align: left;\"><img decoding=\"async\" class=\"alignnone size-full wp-image-644\" src=\"https:\/\/www.maof-olim.co.il\/wp-content\/uploads\/2018\/01\/icon-about-blue.png\" alt=\"\" width=\"25\" height=\"15\" \/>\u00a0\u00a0 Pr\u00e9paration aux entretiens d&#8217;embauche, aux centres d&rsquo;\u00e9valuation et aux<br \/>\ndivers tests de classification.<\/p>\n<p dir=\"ltr\" style=\"text-align: left;\"><img decoding=\"async\" class=\"alignnone size-full wp-image-644\" src=\"https:\/\/www.maof-olim.co.il\/wp-content\/uploads\/2018\/01\/icon-about-blue.png\" alt=\"\" width=\"25\" height=\"15\" \/>\u00a0\u00a0 Conseils personnalis\u00e9s lors de la signature d&rsquo;un contrat de travail.<br \/>\n<img decoding=\"async\" class=\"alignnone size-full wp-image-644\" src=\"https:\/\/www.maof-olim.co.il\/wp-content\/uploads\/2018\/01\/icon-about-blue.png\" alt=\"\" width=\"25\" height=\"15\" \/>\u00a0\u00a0 Elaboration d\u2019un itin\u00e9raire de carri\u00e8re.<br \/>\n<img decoding=\"async\" class=\"alignnone size-full wp-image-644\" src=\"https:\/\/www.maof-olim.co.il\/wp-content\/uploads\/2018\/01\/icon-about-blue.png\" alt=\"\" width=\"25\" height=\"15\" \/>\u00a0\u00a0 Batterie de diagnostics par un\/e psychologue du travail et conseils<br \/>\nd\u2019orientation professionnelle.<br \/>\n<img decoding=\"async\" class=\"alignnone size-full wp-image-644\" src=\"https:\/\/www.maof-olim.co.il\/wp-content\/uploads\/2018\/01\/icon-about-blue.png\" alt=\"\" width=\"25\" height=\"15\" \/> Suivi apr\u00e8s placement.<\/p>\n<p>[\/vc_column_text][vc_empty_space][vc_column_text]<\/p>\n<p dir=\"ltr\" style=\"text-align: left;\"><strong>Qui est consid\u00e9r\u00e9 comme nouvel immigrant? Une personne qui n&rsquo;est pas n\u00e9e en Isra\u00ebl et qui est admissible \u00e0 l\u2019immigration en Isra\u00ebl en vertu de la Loi du Retour (et amendement de la loi).<\/strong><\/p>\n<p>[\/vc_column_text][vc_empty_space][vc_column_text]<\/p>\n<p dir=\"ltr\" style=\"text-align: left;\"><strong>Qui est admissible au service? Un nouvel immigrant qui :<\/strong><\/p>\n<p dir=\"ltr\" style=\"text-align: left;\"><strong>\u00a0<\/strong><\/p>\n<p dir=\"ltr\" style=\"text-align: left;\"><img decoding=\"async\" class=\"alignnone size-full wp-image-644\" src=\"https:\/\/www.maof-olim.co.il\/wp-content\/uploads\/2018\/01\/icon-about-blue.png\" alt=\"\" width=\"25\" height=\"15\" \/> vit en Isra\u00ebl pendant une p\u00e9riode allant jusqu\u2019\u00e0 10 ans \u00e0 partir de la date<br \/>\nd\u2019immigration, et jusqu\u2019\u00e0 15 ans pour les immigrants originaires d\u2019Ethiopie et du Caucase.<\/p>\n<p dir=\"ltr\" style=\"text-align: left;\"><img decoding=\"async\" src=\"https:\/\/www.maof-olim.co.il\/wp-content\/uploads\/2018\/01\/icon-about-blue.png\" alt=\"\" width=\"25\" height=\"15\" \/>est \u00e2g\u00e9 de 15 ans et plus.<br \/>\n<img decoding=\"async\" src=\"https:\/\/www.maof-olim.co.il\/wp-content\/uploads\/2018\/01\/icon-about-blue.png\" alt=\"\" width=\"25\" height=\"15\" \/>est universitaire\/professionnel\/poss\u00e8de une exp\u00e9rience professionnelle.<\/p>\n<p dir=\"ltr\" style=\"text-align: left;\"><img decoding=\"async\" src=\"https:\/\/www.maof-olim.co.il\/wp-content\/uploads\/2018\/01\/icon-about-blue.png\" alt=\"\" width=\"25\" height=\"15\" \/> ne re\u00e7oit pas d&rsquo;aide pour la reconnaissance professionnelle du Minist\u00e8re de l&rsquo;Int\u00e9gration.<br \/>\n<img decoding=\"async\" src=\"https:\/\/www.maof-olim.co.il\/wp-content\/uploads\/2018\/01\/icon-about-blue.png\" alt=\"\" width=\"25\" height=\"15\" \/>a termin\u00e9 l\u2019Oulpan Alef et a re\u00e7u le panier d\u2019int\u00e9gration &#8211; six mois en Isra\u00ebl.<\/p>\n<p dir=\"ltr\" style=\"text-align: left;\"><img decoding=\"async\" src=\"https:\/\/www.maof-olim.co.il\/wp-content\/uploads\/2018\/01\/icon-about-blue.png\" alt=\"\" width=\"25\" height=\"15\" \/>ne re\u00e7oit pas d&rsquo;aide du Minist\u00e8re de l\u2019Int\u00e9gration pour des \u00e9tudes universitaires.<\/p>\n<p dir=\"ltr\" style=\"text-align: left;\"><img decoding=\"async\" src=\"https:\/\/www.maof-olim.co.il\/wp-content\/uploads\/2018\/01\/icon-about-blue.png\" alt=\"\" width=\"25\" height=\"15\" \/> est \u00e2g\u00e9 de 18 \u00e0 67 ans.<\/p>\n<p>[\/vc_column_text][\/vc_column][\/vc_row][vc_row css_animation=\u00a0\u00bb\u00a0\u00bb row_type=\u00a0\u00bbrow\u00a0\u00bb use_row_as_full_screen_section=\u00a0\u00bbno\u00a0\u00bb type=\u00a0\u00bbfull_width\u00a0\u00bb angled_section=\u00a0\u00bbno\u00a0\u00bb text_align=\u00a0\u00bbleft\u00a0\u00bb background_image_as_pattern=\u00a0\u00bbwithout_pattern\u00a0\u00bb][vc_column][vc_empty_space][\/vc_column][\/vc_row][vc_row css_animation=\u00a0\u00bb\u00a0\u00bb row_type=\u00a0\u00bbrow\u00a0\u00bb use_row_as_full_screen_section=\u00a0\u00bbno\u00a0\u00bb type=\u00a0\u00bbfull_width\u00a0\u00bb angled_section=\u00a0\u00bbno\u00a0\u00bb text_align=\u00a0\u00bbleft\u00a0\u00bb background_image_as_pattern=\u00a0\u00bbwithout_pattern\u00a0\u00bb][vc_column][vc_column_text][\/vc_column_text][\/vc_column][\/vc_row][vc_row css_animation=\u00a0\u00bb\u00a0\u00bb row_type=\u00a0\u00bbrow\u00a0\u00bb use_row_as_full_screen_section=\u00a0\u00bbno\u00a0\u00bb type=\u00a0\u00bbfull_width\u00a0\u00bb angled_section=\u00a0\u00bbno\u00a0\u00bb text_align=\u00a0\u00bbleft\u00a0\u00bb background_image_as_pattern=\u00a0\u00bbwithout_pattern\u00a0\u00bb][vc_column][vc_empty_space][\/vc_column][\/vc_row]<\/p>\n<\/div>","protected":false},"excerpt":{"rendered":"<p>[vc_row css_animation=\u00a0\u00bb\u00a0\u00bb row_type=\u00a0\u00bbrow\u00a0\u00bb use_row_as_full_screen_section=\u00a0\u00bbno\u00a0\u00bb type=\u00a0\u00bbfull_width\u00a0\u00bb angled_section=\u00a0\u00bbno\u00a0\u00bb text_align=\u00a0\u00bbleft\u00a0\u00bb background_image_as_pattern=\u00a0\u00bbwithout_pattern\u00a0\u00bb][vc_column][rev_slider_vc alias=\u00a0\u00bbstripbluesliderenglish\u00a0\u00bb][\/vc_column][\/vc_row][vc_row css_animation=\u00a0\u00bb\u00a0\u00bb row_type=\u00a0\u00bbrow\u00a0\u00bb use_row_as_full_screen_section=\u00a0\u00bbno\u00a0\u00bb type=\u00a0\u00bbfull_width\u00a0\u00bb angled_section=\u00a0\u00bbno\u00a0\u00bb text_align=\u00a0\u00bbleft\u00a0\u00bb background_image_as_pattern=\u00a0\u00bbwithout_pattern\u00a0\u00bb][vc_column][rev_slider_vc alias=\u00a0\u00bbpages-slider-new\u00a0\u00bb][\/vc_column][\/vc_row][vc_row css_animation=\u00a0\u00bb\u00a0\u00bb row_type=\u00a0\u00bbrow\u00a0\u00bb use_row_as_full_screen_section=\u00a0\u00bbno\u00a0\u00bb type=\u00a0\u00bbfull_width\u00a0\u00bb angled_section=\u00a0\u00bbno\u00a0\u00bb text_align=\u00a0\u00bbleft\u00a0\u00bb background_image_as_pattern=\u00a0\u00bbwithout_pattern\u00a0\u00bb][vc_column][vc_empty_space][\/vc_column][\/vc_row][vc_row css_animation=\u00a0\u00bb\u00a0\u00bb row_type=\u00a0\u00bbrow\u00a0\u00bb use_row_as_full_screen_section=\u00a0\u00bbno\u00a0\u00bb type=\u00a0\u00bbfull_width\u00a0\u00bb angled_section=\u00a0\u00bbno\u00a0\u00bb text_align=\u00a0\u00bbleft\u00a0\u00bb background_image_as_pattern=\u00a0\u00bbwithout_pattern\u00a0\u00bb][vc_column][vc_column_text] Parmi les services fournis: [\/vc_column_text][vc_column_text] R\u00e9daction\/Mise \u00e0 niveau\/R\u00e9\u00e9criture\/Traduction de CV. \u00a0\u00a0 Connaissance du march\u00e9&#8230;<\/p>\n","protected":false},"author":1,"featured_media":0,"parent":0,"menu_order":3,"comment_status":"closed","ping_status":"closed","template":"","meta":{"footnotes":""},"class_list":["post-1193","page","type-page","status-publish","hentry"],"yoast_head":"<!-- This site is optimized with the Yoast SEO plugin v27.4 - https:\/\/yoast.com\/product\/yoast-seo-wordpress\/ -->\n<title>Nos services - \u05de\u05e8\u05db\u05d6 \u05ea\u05e2\u05e1\u05d5\u05e7\u05d4 \u05dc\u05e2\u05d5\u05dc\u05d9\u05dd \u05d7\u05d3\u05e9\u05d9\u05dd<\/title>\n<meta name=\"robots\" content=\"index, follow, max-snippet:-1, max-image-preview:large, max-video-preview:-1\" \/>\n<link rel=\"canonical\" href=\"https:\/\/www.maof-olim.co.il\/fr\/nos-services\/\" \/>\n<meta property=\"og:locale\" content=\"fr_FR\" \/>\n<meta property=\"og:type\" content=\"article\" \/>\n<meta property=\"og:title\" content=\"Nos services - \u05de\u05e8\u05db\u05d6 \u05ea\u05e2\u05e1\u05d5\u05e7\u05d4 \u05dc\u05e2\u05d5\u05dc\u05d9\u05dd \u05d7\u05d3\u05e9\u05d9\u05dd\" \/>\n<meta property=\"og:description\" content=\"[vc_row css_animation=\u00a0\u00bb\u00a0\u00bb row_type=\u00a0\u00bbrow\u00a0\u00bb use_row_as_full_screen_section=\u00a0\u00bbno\u00a0\u00bb type=\u00a0\u00bbfull_width\u00a0\u00bb angled_section=\u00a0\u00bbno\u00a0\u00bb text_align=\u00a0\u00bbleft\u00a0\u00bb background_image_as_pattern=\u00a0\u00bbwithout_pattern\u00a0\u00bb][vc_column][rev_slider_vc alias=\u00a0\u00bbstripbluesliderenglish\u00a0\u00bb][\/vc_column][\/vc_row][vc_row css_animation=\u00a0\u00bb\u00a0\u00bb row_type=\u00a0\u00bbrow\u00a0\u00bb use_row_as_full_screen_section=\u00a0\u00bbno\u00a0\u00bb type=\u00a0\u00bbfull_width\u00a0\u00bb angled_section=\u00a0\u00bbno\u00a0\u00bb text_align=\u00a0\u00bbleft\u00a0\u00bb background_image_as_pattern=\u00a0\u00bbwithout_pattern\u00a0\u00bb][vc_column][rev_slider_vc alias=\u00a0\u00bbpages-slider-new\u00a0\u00bb][\/vc_column][\/vc_row][vc_row css_animation=\u00a0\u00bb\u00a0\u00bb row_type=\u00a0\u00bbrow\u00a0\u00bb use_row_as_full_screen_section=\u00a0\u00bbno\u00a0\u00bb type=\u00a0\u00bbfull_width\u00a0\u00bb angled_section=\u00a0\u00bbno\u00a0\u00bb text_align=\u00a0\u00bbleft\u00a0\u00bb background_image_as_pattern=\u00a0\u00bbwithout_pattern\u00a0\u00bb][vc_column][vc_empty_space][\/vc_column][\/vc_row][vc_row css_animation=\u00a0\u00bb\u00a0\u00bb row_type=\u00a0\u00bbrow\u00a0\u00bb use_row_as_full_screen_section=\u00a0\u00bbno\u00a0\u00bb type=\u00a0\u00bbfull_width\u00a0\u00bb angled_section=\u00a0\u00bbno\u00a0\u00bb text_align=\u00a0\u00bbleft\u00a0\u00bb background_image_as_pattern=\u00a0\u00bbwithout_pattern\u00a0\u00bb][vc_column][vc_column_text] Parmi les services fournis: [\/vc_column_text][vc_column_text] R\u00e9daction\/Mise \u00e0 niveau\/R\u00e9\u00e9criture\/Traduction de CV. \u00a0\u00a0 Connaissance du march\u00e9...\" \/>\n<meta property=\"og:url\" content=\"https:\/\/www.maof-olim.co.il\/fr\/nos-services\/\" \/>\n<meta property=\"og:site_name\" content=\"\u05de\u05e8\u05db\u05d6 \u05ea\u05e2\u05e1\u05d5\u05e7\u05d4 \u05dc\u05e2\u05d5\u05dc\u05d9\u05dd \u05d7\u05d3\u05e9\u05d9\u05dd\" \/>\n<meta property=\"article:publisher\" content=\"https:\/\/www.facebook.com\/jobsforolim\/\" \/>\n<meta property=\"article:modified_time\" content=\"2018-06-04T13:55:49+00:00\" \/>\n<meta property=\"og:image\" content=\"https:\/\/www.maof-olim.co.il\/wp-content\/uploads\/2018\/01\/icon-about-blue.png\" \/>\n<meta name=\"twitter:card\" content=\"summary_large_image\" \/>\n<meta name=\"twitter:label1\" content=\"Dur\u00e9e de lecture estim\u00e9e\" \/>\n\t<meta name=\"twitter:data1\" content=\"3 minutes\" \/>\n<script type=\"application\/ld+json\" class=\"yoast-schema-graph\">{\"@context\":\"https:\\\/\\\/schema.org\",\"@graph\":[{\"@type\":\"WebPage\",\"@id\":\"https:\\\/\\\/www.maof-olim.co.il\\\/fr\\\/nos-services\\\/\",\"url\":\"https:\\\/\\\/www.maof-olim.co.il\\\/fr\\\/nos-services\\\/\",\"name\":\"Nos services - \u05de\u05e8\u05db\u05d6 \u05ea\u05e2\u05e1\u05d5\u05e7\u05d4 \u05dc\u05e2\u05d5\u05dc\u05d9\u05dd \u05d7\u05d3\u05e9\u05d9\u05dd\",\"isPartOf\":{\"@id\":\"https:\\\/\\\/www.maof-olim.co.il\\\/fr\\\/#website\"},\"primaryImageOfPage\":{\"@id\":\"https:\\\/\\\/www.maof-olim.co.il\\\/fr\\\/nos-services\\\/#primaryimage\"},\"image\":{\"@id\":\"https:\\\/\\\/www.maof-olim.co.il\\\/fr\\\/nos-services\\\/#primaryimage\"},\"thumbnailUrl\":\"https:\\\/\\\/www.maof-olim.co.il\\\/wp-content\\\/uploads\\\/2018\\\/01\\\/icon-about-blue.png\",\"datePublished\":\"2018-05-21T01:05:31+00:00\",\"dateModified\":\"2018-06-04T13:55:49+00:00\",\"breadcrumb\":{\"@id\":\"https:\\\/\\\/www.maof-olim.co.il\\\/fr\\\/nos-services\\\/#breadcrumb\"},\"inLanguage\":\"fr-FR\",\"potentialAction\":[{\"@type\":\"ReadAction\",\"target\":[\"https:\\\/\\\/www.maof-olim.co.il\\\/fr\\\/nos-services\\\/\"]}]},{\"@type\":\"ImageObject\",\"inLanguage\":\"fr-FR\",\"@id\":\"https:\\\/\\\/www.maof-olim.co.il\\\/fr\\\/nos-services\\\/#primaryimage\",\"url\":\"https:\\\/\\\/www.maof-olim.co.il\\\/wp-content\\\/uploads\\\/2018\\\/01\\\/icon-about-blue.png\",\"contentUrl\":\"https:\\\/\\\/www.maof-olim.co.il\\\/wp-content\\\/uploads\\\/2018\\\/01\\\/icon-about-blue.png\"},{\"@type\":\"BreadcrumbList\",\"@id\":\"https:\\\/\\\/www.maof-olim.co.il\\\/fr\\\/nos-services\\\/#breadcrumb\",\"itemListElement\":[{\"@type\":\"ListItem\",\"position\":1,\"name\":\"Home\",\"item\":\"https:\\\/\\\/www.maof-olim.co.il\\\/fr\\\/\"},{\"@type\":\"ListItem\",\"position\":2,\"name\":\"Nos services\"}]},{\"@type\":\"WebSite\",\"@id\":\"https:\\\/\\\/www.maof-olim.co.il\\\/fr\\\/#website\",\"url\":\"https:\\\/\\\/www.maof-olim.co.il\\\/fr\\\/\",\"name\":\"\u05de\u05e8\u05db\u05d6 \u05ea\u05e2\u05e1\u05d5\u05e7\u05d4 \u05dc\u05e2\u05d5\u05dc\u05d9\u05dd \u05d7\u05d3\u05e9\u05d9\u05dd\",\"description\":\"\u05e9\u05d9\u05e8\u05d5\u05ea\u05d9 \u05ea\u05e2\u05e1\u05d5\u05e7\u05d4 \u05dc\u05e2\u05d5\u05dc\u05d9\u05dd \u05d7\u05d3\u05e9\u05d9\u05dd \u05d5\u05ea\u05d5\u05e9\u05d1\u05d9\u05dd \u05d7\u05d5\u05d6\u05e8\u05d9\u05dd\",\"publisher\":{\"@id\":\"https:\\\/\\\/www.maof-olim.co.il\\\/fr\\\/#organization\"},\"potentialAction\":[{\"@type\":\"SearchAction\",\"target\":{\"@type\":\"EntryPoint\",\"urlTemplate\":\"https:\\\/\\\/www.maof-olim.co.il\\\/fr\\\/?s={search_term_string}\"},\"query-input\":{\"@type\":\"PropertyValueSpecification\",\"valueRequired\":true,\"valueName\":\"search_term_string\"}}],\"inLanguage\":\"fr-FR\"},{\"@type\":\"Organization\",\"@id\":\"https:\\\/\\\/www.maof-olim.co.il\\\/fr\\\/#organization\",\"name\":\"\u05de\u05e8\u05db\u05d6 \u05d4\u05ea\u05e2\u05e1\u05d5\u05e7\u05d4 \u05dc\u05e2\u05d5\u05dc\u05d9\u05dd \u05d7\u05d3\u05e9\u05d9\u05dd \u05d5\u05ea\u05d5\u05e9\u05d1\u05d9\u05dd \u05d7\u05d5\u05d6\u05e8\u05d9\u05dd\",\"url\":\"https:\\\/\\\/www.maof-olim.co.il\\\/fr\\\/\",\"logo\":{\"@type\":\"ImageObject\",\"inLanguage\":\"fr-FR\",\"@id\":\"https:\\\/\\\/www.maof-olim.co.il\\\/fr\\\/#\\\/schema\\\/logo\\\/image\\\/\",\"url\":\"https:\\\/\\\/www.maof-olim.co.il\\\/wp-content\\\/uploads\\\/2018\\\/05\\\/eng-logo-olim.jpg\",\"contentUrl\":\"https:\\\/\\\/www.maof-olim.co.il\\\/wp-content\\\/uploads\\\/2018\\\/05\\\/eng-logo-olim.jpg\",\"width\":240,\"height\":70,\"caption\":\"\u05de\u05e8\u05db\u05d6 \u05d4\u05ea\u05e2\u05e1\u05d5\u05e7\u05d4 \u05dc\u05e2\u05d5\u05dc\u05d9\u05dd \u05d7\u05d3\u05e9\u05d9\u05dd \u05d5\u05ea\u05d5\u05e9\u05d1\u05d9\u05dd \u05d7\u05d5\u05d6\u05e8\u05d9\u05dd\"},\"image\":{\"@id\":\"https:\\\/\\\/www.maof-olim.co.il\\\/fr\\\/#\\\/schema\\\/logo\\\/image\\\/\"},\"sameAs\":[\"https:\\\/\\\/www.facebook.com\\\/jobsforolim\\\/\",\"https:\\\/\\\/www.youtube.com\\\/channel\\\/UCvkAAYaHm7ZY5UCHJfKf46w\"]}]}<\/script>\n<!-- \/ Yoast SEO plugin. -->","yoast_head_json":{"title":"Nos services - \u05de\u05e8\u05db\u05d6 \u05ea\u05e2\u05e1\u05d5\u05e7\u05d4 \u05dc\u05e2\u05d5\u05dc\u05d9\u05dd \u05d7\u05d3\u05e9\u05d9\u05dd","robots":{"index":"index","follow":"follow","max-snippet":"max-snippet:-1","max-image-preview":"max-image-preview:large","max-video-preview":"max-video-preview:-1"},"canonical":"https:\/\/www.maof-olim.co.il\/fr\/nos-services\/","og_locale":"fr_FR","og_type":"article","og_title":"Nos services - \u05de\u05e8\u05db\u05d6 \u05ea\u05e2\u05e1\u05d5\u05e7\u05d4 \u05dc\u05e2\u05d5\u05dc\u05d9\u05dd \u05d7\u05d3\u05e9\u05d9\u05dd","og_description":"[vc_row css_animation=\u00a0\u00bb\u00a0\u00bb row_type=\u00a0\u00bbrow\u00a0\u00bb use_row_as_full_screen_section=\u00a0\u00bbno\u00a0\u00bb type=\u00a0\u00bbfull_width\u00a0\u00bb angled_section=\u00a0\u00bbno\u00a0\u00bb text_align=\u00a0\u00bbleft\u00a0\u00bb background_image_as_pattern=\u00a0\u00bbwithout_pattern\u00a0\u00bb][vc_column][rev_slider_vc alias=\u00a0\u00bbstripbluesliderenglish\u00a0\u00bb][\/vc_column][\/vc_row][vc_row css_animation=\u00a0\u00bb\u00a0\u00bb row_type=\u00a0\u00bbrow\u00a0\u00bb use_row_as_full_screen_section=\u00a0\u00bbno\u00a0\u00bb type=\u00a0\u00bbfull_width\u00a0\u00bb angled_section=\u00a0\u00bbno\u00a0\u00bb text_align=\u00a0\u00bbleft\u00a0\u00bb background_image_as_pattern=\u00a0\u00bbwithout_pattern\u00a0\u00bb][vc_column][rev_slider_vc alias=\u00a0\u00bbpages-slider-new\u00a0\u00bb][\/vc_column][\/vc_row][vc_row css_animation=\u00a0\u00bb\u00a0\u00bb row_type=\u00a0\u00bbrow\u00a0\u00bb use_row_as_full_screen_section=\u00a0\u00bbno\u00a0\u00bb type=\u00a0\u00bbfull_width\u00a0\u00bb angled_section=\u00a0\u00bbno\u00a0\u00bb text_align=\u00a0\u00bbleft\u00a0\u00bb background_image_as_pattern=\u00a0\u00bbwithout_pattern\u00a0\u00bb][vc_column][vc_empty_space][\/vc_column][\/vc_row][vc_row css_animation=\u00a0\u00bb\u00a0\u00bb row_type=\u00a0\u00bbrow\u00a0\u00bb use_row_as_full_screen_section=\u00a0\u00bbno\u00a0\u00bb type=\u00a0\u00bbfull_width\u00a0\u00bb angled_section=\u00a0\u00bbno\u00a0\u00bb text_align=\u00a0\u00bbleft\u00a0\u00bb background_image_as_pattern=\u00a0\u00bbwithout_pattern\u00a0\u00bb][vc_column][vc_column_text] Parmi les services fournis: [\/vc_column_text][vc_column_text] R\u00e9daction\/Mise \u00e0 niveau\/R\u00e9\u00e9criture\/Traduction de CV. \u00a0\u00a0 Connaissance du march\u00e9...","og_url":"https:\/\/www.maof-olim.co.il\/fr\/nos-services\/","og_site_name":"\u05de\u05e8\u05db\u05d6 \u05ea\u05e2\u05e1\u05d5\u05e7\u05d4 \u05dc\u05e2\u05d5\u05dc\u05d9\u05dd \u05d7\u05d3\u05e9\u05d9\u05dd","article_publisher":"https:\/\/www.facebook.com\/jobsforolim\/","article_modified_time":"2018-06-04T13:55:49+00:00","og_image":[{"url":"https:\/\/www.maof-olim.co.il\/wp-content\/uploads\/2018\/01\/icon-about-blue.png","type":"","width":"","height":""}],"twitter_card":"summary_large_image","twitter_misc":{"Dur\u00e9e de lecture estim\u00e9e":"3 minutes"},"schema":{"@context":"https:\/\/schema.org","@graph":[{"@type":"WebPage","@id":"https:\/\/www.maof-olim.co.il\/fr\/nos-services\/","url":"https:\/\/www.maof-olim.co.il\/fr\/nos-services\/","name":"Nos services - \u05de\u05e8\u05db\u05d6 \u05ea\u05e2\u05e1\u05d5\u05e7\u05d4 \u05dc\u05e2\u05d5\u05dc\u05d9\u05dd \u05d7\u05d3\u05e9\u05d9\u05dd","isPartOf":{"@id":"https:\/\/www.maof-olim.co.il\/fr\/#website"},"primaryImageOfPage":{"@id":"https:\/\/www.maof-olim.co.il\/fr\/nos-services\/#primaryimage"},"image":{"@id":"https:\/\/www.maof-olim.co.il\/fr\/nos-services\/#primaryimage"},"thumbnailUrl":"https:\/\/www.maof-olim.co.il\/wp-content\/uploads\/2018\/01\/icon-about-blue.png","datePublished":"2018-05-21T01:05:31+00:00","dateModified":"2018-06-04T13:55:49+00:00","breadcrumb":{"@id":"https:\/\/www.maof-olim.co.il\/fr\/nos-services\/#breadcrumb"},"inLanguage":"fr-FR","potentialAction":[{"@type":"ReadAction","target":["https:\/\/www.maof-olim.co.il\/fr\/nos-services\/"]}]},{"@type":"ImageObject","inLanguage":"fr-FR","@id":"https:\/\/www.maof-olim.co.il\/fr\/nos-services\/#primaryimage","url":"https:\/\/www.maof-olim.co.il\/wp-content\/uploads\/2018\/01\/icon-about-blue.png","contentUrl":"https:\/\/www.maof-olim.co.il\/wp-content\/uploads\/2018\/01\/icon-about-blue.png"},{"@type":"BreadcrumbList","@id":"https:\/\/www.maof-olim.co.il\/fr\/nos-services\/#breadcrumb","itemListElement":[{"@type":"ListItem","position":1,"name":"Home","item":"https:\/\/www.maof-olim.co.il\/fr\/"},{"@type":"ListItem","position":2,"name":"Nos services"}]},{"@type":"WebSite","@id":"https:\/\/www.maof-olim.co.il\/fr\/#website","url":"https:\/\/www.maof-olim.co.il\/fr\/","name":"\u05de\u05e8\u05db\u05d6 \u05ea\u05e2\u05e1\u05d5\u05e7\u05d4 \u05dc\u05e2\u05d5\u05dc\u05d9\u05dd \u05d7\u05d3\u05e9\u05d9\u05dd","description":"\u05e9\u05d9\u05e8\u05d5\u05ea\u05d9 \u05ea\u05e2\u05e1\u05d5\u05e7\u05d4 \u05dc\u05e2\u05d5\u05dc\u05d9\u05dd \u05d7\u05d3\u05e9\u05d9\u05dd \u05d5\u05ea\u05d5\u05e9\u05d1\u05d9\u05dd \u05d7\u05d5\u05d6\u05e8\u05d9\u05dd","publisher":{"@id":"https:\/\/www.maof-olim.co.il\/fr\/#organization"},"potentialAction":[{"@type":"SearchAction","target":{"@type":"EntryPoint","urlTemplate":"https:\/\/www.maof-olim.co.il\/fr\/?s={search_term_string}"},"query-input":{"@type":"PropertyValueSpecification","valueRequired":true,"valueName":"search_term_string"}}],"inLanguage":"fr-FR"},{"@type":"Organization","@id":"https:\/\/www.maof-olim.co.il\/fr\/#organization","name":"\u05de\u05e8\u05db\u05d6 \u05d4\u05ea\u05e2\u05e1\u05d5\u05e7\u05d4 \u05dc\u05e2\u05d5\u05dc\u05d9\u05dd \u05d7\u05d3\u05e9\u05d9\u05dd \u05d5\u05ea\u05d5\u05e9\u05d1\u05d9\u05dd \u05d7\u05d5\u05d6\u05e8\u05d9\u05dd","url":"https:\/\/www.maof-olim.co.il\/fr\/","logo":{"@type":"ImageObject","inLanguage":"fr-FR","@id":"https:\/\/www.maof-olim.co.il\/fr\/#\/schema\/logo\/image\/","url":"https:\/\/www.maof-olim.co.il\/wp-content\/uploads\/2018\/05\/eng-logo-olim.jpg","contentUrl":"https:\/\/www.maof-olim.co.il\/wp-content\/uploads\/2018\/05\/eng-logo-olim.jpg","width":240,"height":70,"caption":"\u05de\u05e8\u05db\u05d6 \u05d4\u05ea\u05e2\u05e1\u05d5\u05e7\u05d4 \u05dc\u05e2\u05d5\u05dc\u05d9\u05dd \u05d7\u05d3\u05e9\u05d9\u05dd \u05d5\u05ea\u05d5\u05e9\u05d1\u05d9\u05dd \u05d7\u05d5\u05d6\u05e8\u05d9\u05dd"},"image":{"@id":"https:\/\/www.maof-olim.co.il\/fr\/#\/schema\/logo\/image\/"},"sameAs":["https:\/\/www.facebook.com\/jobsforolim\/","https:\/\/www.youtube.com\/channel\/UCvkAAYaHm7ZY5UCHJfKf46w"]}]}},"_links":{"self":[{"href":"https:\/\/www.maof-olim.co.il\/fr\/wp-json\/wp\/v2\/pages\/1193","targetHints":{"allow":["GET"]}}],"collection":[{"href":"https:\/\/www.maof-olim.co.il\/fr\/wp-json\/wp\/v2\/pages"}],"about":[{"href":"https:\/\/www.maof-olim.co.il\/fr\/wp-json\/wp\/v2\/types\/page"}],"author":[{"embeddable":true,"href":"https:\/\/www.maof-olim.co.il\/fr\/wp-json\/wp\/v2\/users\/1"}],"replies":[{"embeddable":true,"href":"https:\/\/www.maof-olim.co.il\/fr\/wp-json\/wp\/v2\/comments?post=1193"}],"version-history":[{"count":5,"href":"https:\/\/www.maof-olim.co.il\/fr\/wp-json\/wp\/v2\/pages\/1193\/revisions"}],"predecessor-version":[{"id":1645,"href":"https:\/\/www.maof-olim.co.il\/fr\/wp-json\/wp\/v2\/pages\/1193\/revisions\/1645"}],"wp:attachment":[{"href":"https:\/\/www.maof-olim.co.il\/fr\/wp-json\/wp\/v2\/media?parent=1193"}],"curies":[{"name":"wp","href":"https:\/\/api.w.org\/{rel}","templated":true}]}}