{"id":1217,"date":"2018-05-21T04:19:59","date_gmt":"2018-05-21T01:19:59","guid":{"rendered":"https:\/\/www.maof-olim.co.il\/?page_id=1217"},"modified":"2018-06-04T17:15:42","modified_gmt":"2018-06-04T14:15:42","slug":"centre-pour-lemploi-en-israel-et-dans-le-monde","status":"publish","type":"page","link":"https:\/\/www.maof-olim.co.il\/fr\/centre-pour-lemploi-en-israel-et-dans-le-monde\/","title":{"rendered":"Centre pour l&#8217;emploi &#8211; en Isra\u00ebl et dans le monde"},"content":{"rendered":"<div class=\"wpb-content-wrapper\"><p>[vc_row css_animation=\u00a0\u00bb\u00a0\u00bb row_type=\u00a0\u00bbrow\u00a0\u00bb use_row_as_full_screen_section=\u00a0\u00bbno\u00a0\u00bb type=\u00a0\u00bbfull_width\u00a0\u00bb angled_section=\u00a0\u00bbno\u00a0\u00bb text_align=\u00a0\u00bbleft\u00a0\u00bb background_image_as_pattern=\u00a0\u00bbwithout_pattern\u00a0\u00bb][vc_column][rev_slider_vc alias=\u00a0\u00bbstripbluesliderenglish\u00a0\u00bb][\/vc_column][\/vc_row][vc_row css_animation=\u00a0\u00bb\u00a0\u00bb row_type=\u00a0\u00bbrow\u00a0\u00bb use_row_as_full_screen_section=\u00a0\u00bbno\u00a0\u00bb type=\u00a0\u00bbfull_width\u00a0\u00bb angled_section=\u00a0\u00bbno\u00a0\u00bb text_align=\u00a0\u00bbleft\u00a0\u00bb background_image_as_pattern=\u00a0\u00bbwithout_pattern\u00a0\u00bb][vc_column][rev_slider_vc alias=\u00a0\u00bbpages-slider-new\u00a0\u00bb][\/vc_column][\/vc_row][vc_row css_animation=\u00a0\u00bb\u00a0\u00bb row_type=\u00a0\u00bbrow\u00a0\u00bb use_row_as_full_screen_section=\u00a0\u00bbno\u00a0\u00bb type=\u00a0\u00bbfull_width\u00a0\u00bb angled_section=\u00a0\u00bbno\u00a0\u00bb text_align=\u00a0\u00bbleft\u00a0\u00bb background_image_as_pattern=\u00a0\u00bbwithout_pattern\u00a0\u00bb][vc_column][vc_empty_space][\/vc_column][\/vc_row][vc_row css_animation=\u00a0\u00bb\u00a0\u00bb row_type=\u00a0\u00bbrow\u00a0\u00bb use_row_as_full_screen_section=\u00a0\u00bbno\u00a0\u00bb type=\u00a0\u00bbfull_width\u00a0\u00bb angled_section=\u00a0\u00bbno\u00a0\u00bb text_align=\u00a0\u00bbleft\u00a0\u00bb background_image_as_pattern=\u00a0\u00bbwithout_pattern\u00a0\u00bb][vc_column][vc_column_text]<\/p>\n<h2 dir=\"ltr\" style=\"text-align: left;\"><strong>Le Centre pour l&#8217;emploi des nouveaux immigrants et des r\u00e9sidents de retour, en Isra\u00ebl et dans le monde:<\/strong><\/h2>\n<p>[\/vc_column_text][vc_column_text]<\/p>\n<p dir=\"ltr\" style=\"text-align: left;\">a le plaisir de vous pr\u00e9senter tous les aspects de notre activit\u00e9, au cours de conf\u00e9rences et de salons organis\u00e9s dans le monde entier.<br \/>\nLe salon pour l&#8217;emploi vient jusqu\u2019\u00e0 vous afin de vous apporter le soutien n\u00e9cessaire pour une immigration r\u00e9ussie en Isra\u00ebl et un accompagnement \u00e0 chaque \u00e9tape<\/p>\n<p>[\/vc_column_text][\/vc_column][\/vc_row][vc_row css_animation=\u00a0\u00bb\u00a0\u00bb row_type=\u00a0\u00bbrow\u00a0\u00bb use_row_as_full_screen_section=\u00a0\u00bbno\u00a0\u00bb type=\u00a0\u00bbfull_width\u00a0\u00bb angled_section=\u00a0\u00bbno\u00a0\u00bb text_align=\u00a0\u00bbleft\u00a0\u00bb background_image_as_pattern=\u00a0\u00bbwithout_pattern\u00a0\u00bb][vc_column][vc_empty_space][\/vc_column][\/vc_row][vc_row css_animation=\u00a0\u00bb\u00a0\u00bb row_type=\u00a0\u00bbrow\u00a0\u00bb use_row_as_full_screen_section=\u00a0\u00bbno\u00a0\u00bb type=\u00a0\u00bbfull_width\u00a0\u00bb angled_section=\u00a0\u00bbno\u00a0\u00bb text_align=\u00a0\u00bbleft\u00a0\u00bb background_image_as_pattern=\u00a0\u00bbwithout_pattern\u00a0\u00bb][vc_column width=\u00a0\u00bb1\/2&Prime;][vc_column_text]<\/p>\n<h3 dir=\"ltr\" style=\"text-align: left;\"><strong>Salon de l&rsquo;aliyah en Am\u00e9rique du nord<\/strong><\/h3>\n<p>[\/vc_column_text][vc_gallery type=\u00a0\u00bbnivo\u00a0\u00bb interval=\u00a0\u00bb10&Prime; images=\u00a0\u00bb900,901,902&Prime; img_size=\u00a0\u00bbfull\u00a0\u00bb][\/vc_column][vc_column width=\u00a0\u00bb1\/2&Prime;][vc_column_text]<\/p>\n<h3 dir=\"ltr\" style=\"text-align: left;\"><strong>Salon de l&rsquo;Aliyah en France<\/strong><\/h3>\n<p>[\/vc_column_text][vc_gallery type=\u00a0\u00bbnivo\u00a0\u00bb interval=\u00a0\u00bb10&Prime; images=\u00a0\u00bb903,904,905,906,907,908&Prime; img_size=\u00a0\u00bbfull\u00a0\u00bb el_id=\u00a0\u00bbfrance_fair\u00a0\u00bb][\/vc_column][\/vc_row][vc_row css_animation=\u00a0\u00bb\u00a0\u00bb row_type=\u00a0\u00bbrow\u00a0\u00bb use_row_as_full_screen_section=\u00a0\u00bbno\u00a0\u00bb type=\u00a0\u00bbfull_width\u00a0\u00bb angled_section=\u00a0\u00bbno\u00a0\u00bb text_align=\u00a0\u00bbleft\u00a0\u00bb background_image_as_pattern=\u00a0\u00bbwithout_pattern\u00a0\u00bb][vc_column width=\u00a0\u00bb1\/2&Prime;][vc_column_text]<\/p>\n<h3 dir=\"ltr\" style=\"text-align: left;\"><strong>Salon de l&rsquo;Aliyah en Belgique<\/strong><\/h3>\n<p>[\/vc_column_text][vc_gallery type=\u00a0\u00bbnivo\u00a0\u00bb interval=\u00a0\u00bb10&Prime; images=\u00a0\u00bb1117,1118,1119,1120,1121,1122&Prime; img_size=\u00a0\u00bbfull\u00a0\u00bb][\/vc_column][vc_column width=\u00a0\u00bb1\/2&Prime;][vc_column_text]<\/p>\n<h3 dir=\"ltr\" style=\"text-align: left;\"><strong>Salon de l&rsquo;Aliyah en Afrique du sud<\/strong><\/h3>\n<p>[\/vc_column_text][vc_gallery type=\u00a0\u00bbnivo\u00a0\u00bb interval=\u00a0\u00bb10&Prime; images=\u00a0\u00bb912,911,910,909&Prime; img_size=\u00a0\u00bbfull\u00a0\u00bb][\/vc_column][\/vc_row]<\/p>\n<\/div>","protected":false},"excerpt":{"rendered":"<p>[vc_row css_animation=\u00a0\u00bb\u00a0\u00bb row_type=\u00a0\u00bbrow\u00a0\u00bb use_row_as_full_screen_section=\u00a0\u00bbno\u00a0\u00bb type=\u00a0\u00bbfull_width\u00a0\u00bb angled_section=\u00a0\u00bbno\u00a0\u00bb text_align=\u00a0\u00bbleft\u00a0\u00bb background_image_as_pattern=\u00a0\u00bbwithout_pattern\u00a0\u00bb][vc_column][rev_slider_vc alias=\u00a0\u00bbstripbluesliderenglish\u00a0\u00bb][\/vc_column][\/vc_row][vc_row css_animation=\u00a0\u00bb\u00a0\u00bb row_type=\u00a0\u00bbrow\u00a0\u00bb use_row_as_full_screen_section=\u00a0\u00bbno\u00a0\u00bb type=\u00a0\u00bbfull_width\u00a0\u00bb angled_section=\u00a0\u00bbno\u00a0\u00bb text_align=\u00a0\u00bbleft\u00a0\u00bb background_image_as_pattern=\u00a0\u00bbwithout_pattern\u00a0\u00bb][vc_column][rev_slider_vc alias=\u00a0\u00bbpages-slider-new\u00a0\u00bb][\/vc_column][\/vc_row][vc_row css_animation=\u00a0\u00bb\u00a0\u00bb row_type=\u00a0\u00bbrow\u00a0\u00bb use_row_as_full_screen_section=\u00a0\u00bbno\u00a0\u00bb type=\u00a0\u00bbfull_width\u00a0\u00bb angled_section=\u00a0\u00bbno\u00a0\u00bb text_align=\u00a0\u00bbleft\u00a0\u00bb background_image_as_pattern=\u00a0\u00bbwithout_pattern\u00a0\u00bb][vc_column][vc_empty_space][\/vc_column][\/vc_row][vc_row css_animation=\u00a0\u00bb\u00a0\u00bb row_type=\u00a0\u00bbrow\u00a0\u00bb use_row_as_full_screen_section=\u00a0\u00bbno\u00a0\u00bb type=\u00a0\u00bbfull_width\u00a0\u00bb angled_section=\u00a0\u00bbno\u00a0\u00bb text_align=\u00a0\u00bbleft\u00a0\u00bb background_image_as_pattern=\u00a0\u00bbwithout_pattern\u00a0\u00bb][vc_column][vc_column_text] Le Centre pour l&#8217;emploi des nouveaux immigrants et des r\u00e9sidents de retour, en Isra\u00ebl&#8230;<\/p>\n","protected":false},"author":1,"featured_media":0,"parent":0,"menu_order":6,"comment_status":"closed","ping_status":"closed","template":"","meta":{"footnotes":""},"class_list":["post-1217","page","type-page","status-publish","hentry"],"yoast_head":"<!-- This site is optimized with the Yoast SEO plugin v27.6 - https:\/\/yoast.com\/product\/yoast-seo-wordpress\/ -->\n<title>Centre pour l&#039;emploi - en Isra\u00ebl et dans le monde - \u05de\u05e8\u05db\u05d6 \u05ea\u05e2\u05e1\u05d5\u05e7\u05d4 \u05dc\u05e2\u05d5\u05dc\u05d9\u05dd \u05d7\u05d3\u05e9\u05d9\u05dd<\/title>\n<meta name=\"robots\" content=\"index, follow, max-snippet:-1, max-image-preview:large, max-video-preview:-1\" \/>\n<link rel=\"canonical\" href=\"https:\/\/www.maof-olim.co.il\/fr\/centre-pour-lemploi-en-israel-et-dans-le-monde\/\" \/>\n<meta property=\"og:locale\" content=\"fr_FR\" \/>\n<meta property=\"og:type\" content=\"article\" \/>\n<meta property=\"og:title\" content=\"Centre pour l&#039;emploi - en Isra\u00ebl et dans le monde - \u05de\u05e8\u05db\u05d6 \u05ea\u05e2\u05e1\u05d5\u05e7\u05d4 \u05dc\u05e2\u05d5\u05dc\u05d9\u05dd \u05d7\u05d3\u05e9\u05d9\u05dd\" \/>\n<meta property=\"og:description\" content=\"[vc_row css_animation=\u00a0\u00bb\u00a0\u00bb row_type=\u00a0\u00bbrow\u00a0\u00bb use_row_as_full_screen_section=\u00a0\u00bbno\u00a0\u00bb type=\u00a0\u00bbfull_width\u00a0\u00bb angled_section=\u00a0\u00bbno\u00a0\u00bb text_align=\u00a0\u00bbleft\u00a0\u00bb background_image_as_pattern=\u00a0\u00bbwithout_pattern\u00a0\u00bb][vc_column][rev_slider_vc alias=\u00a0\u00bbstripbluesliderenglish\u00a0\u00bb][\/vc_column][\/vc_row][vc_row css_animation=\u00a0\u00bb\u00a0\u00bb row_type=\u00a0\u00bbrow\u00a0\u00bb use_row_as_full_screen_section=\u00a0\u00bbno\u00a0\u00bb type=\u00a0\u00bbfull_width\u00a0\u00bb angled_section=\u00a0\u00bbno\u00a0\u00bb text_align=\u00a0\u00bbleft\u00a0\u00bb background_image_as_pattern=\u00a0\u00bbwithout_pattern\u00a0\u00bb][vc_column][rev_slider_vc alias=\u00a0\u00bbpages-slider-new\u00a0\u00bb][\/vc_column][\/vc_row][vc_row css_animation=\u00a0\u00bb\u00a0\u00bb row_type=\u00a0\u00bbrow\u00a0\u00bb use_row_as_full_screen_section=\u00a0\u00bbno\u00a0\u00bb type=\u00a0\u00bbfull_width\u00a0\u00bb angled_section=\u00a0\u00bbno\u00a0\u00bb text_align=\u00a0\u00bbleft\u00a0\u00bb background_image_as_pattern=\u00a0\u00bbwithout_pattern\u00a0\u00bb][vc_column][vc_empty_space][\/vc_column][\/vc_row][vc_row css_animation=\u00a0\u00bb\u00a0\u00bb row_type=\u00a0\u00bbrow\u00a0\u00bb use_row_as_full_screen_section=\u00a0\u00bbno\u00a0\u00bb type=\u00a0\u00bbfull_width\u00a0\u00bb angled_section=\u00a0\u00bbno\u00a0\u00bb text_align=\u00a0\u00bbleft\u00a0\u00bb background_image_as_pattern=\u00a0\u00bbwithout_pattern\u00a0\u00bb][vc_column][vc_column_text] Le Centre pour l&#8217;emploi des nouveaux immigrants et des r\u00e9sidents de retour, en Isra\u00ebl...\" \/>\n<meta property=\"og:url\" content=\"https:\/\/www.maof-olim.co.il\/fr\/centre-pour-lemploi-en-israel-et-dans-le-monde\/\" \/>\n<meta property=\"og:site_name\" content=\"\u05de\u05e8\u05db\u05d6 \u05ea\u05e2\u05e1\u05d5\u05e7\u05d4 \u05dc\u05e2\u05d5\u05dc\u05d9\u05dd \u05d7\u05d3\u05e9\u05d9\u05dd\" \/>\n<meta property=\"article:publisher\" content=\"https:\/\/www.facebook.com\/jobsforolim\/\" \/>\n<meta property=\"article:modified_time\" content=\"2018-06-04T14:15:42+00:00\" \/>\n<meta name=\"twitter:card\" content=\"summary_large_image\" \/>\n<meta name=\"twitter:label1\" content=\"Dur\u00e9e de lecture estim\u00e9e\" \/>\n\t<meta name=\"twitter:data1\" content=\"2 minutes\" \/>\n<script type=\"application\/ld+json\" class=\"yoast-schema-graph\">{\"@context\":\"https:\\\/\\\/schema.org\",\"@graph\":[{\"@type\":\"WebPage\",\"@id\":\"https:\\\/\\\/www.maof-olim.co.il\\\/fr\\\/centre-pour-lemploi-en-israel-et-dans-le-monde\\\/\",\"url\":\"https:\\\/\\\/www.maof-olim.co.il\\\/fr\\\/centre-pour-lemploi-en-israel-et-dans-le-monde\\\/\",\"name\":\"Centre pour l'emploi - en Isra\u00ebl et dans le monde - \u05de\u05e8\u05db\u05d6 \u05ea\u05e2\u05e1\u05d5\u05e7\u05d4 \u05dc\u05e2\u05d5\u05dc\u05d9\u05dd \u05d7\u05d3\u05e9\u05d9\u05dd\",\"isPartOf\":{\"@id\":\"https:\\\/\\\/www.maof-olim.co.il\\\/fr\\\/#website\"},\"datePublished\":\"2018-05-21T01:19:59+00:00\",\"dateModified\":\"2018-06-04T14:15:42+00:00\",\"breadcrumb\":{\"@id\":\"https:\\\/\\\/www.maof-olim.co.il\\\/fr\\\/centre-pour-lemploi-en-israel-et-dans-le-monde\\\/#breadcrumb\"},\"inLanguage\":\"fr-FR\",\"potentialAction\":[{\"@type\":\"ReadAction\",\"target\":[\"https:\\\/\\\/www.maof-olim.co.il\\\/fr\\\/centre-pour-lemploi-en-israel-et-dans-le-monde\\\/\"]}]},{\"@type\":\"BreadcrumbList\",\"@id\":\"https:\\\/\\\/www.maof-olim.co.il\\\/fr\\\/centre-pour-lemploi-en-israel-et-dans-le-monde\\\/#breadcrumb\",\"itemListElement\":[{\"@type\":\"ListItem\",\"position\":1,\"name\":\"Home\",\"item\":\"https:\\\/\\\/www.maof-olim.co.il\\\/fr\\\/\"},{\"@type\":\"ListItem\",\"position\":2,\"name\":\"Centre pour l&#8217;emploi &#8211; en Isra\u00ebl et dans le monde\"}]},{\"@type\":\"WebSite\",\"@id\":\"https:\\\/\\\/www.maof-olim.co.il\\\/fr\\\/#website\",\"url\":\"https:\\\/\\\/www.maof-olim.co.il\\\/fr\\\/\",\"name\":\"\u05de\u05e8\u05db\u05d6 \u05ea\u05e2\u05e1\u05d5\u05e7\u05d4 \u05dc\u05e2\u05d5\u05dc\u05d9\u05dd \u05d7\u05d3\u05e9\u05d9\u05dd\",\"description\":\"\u05e9\u05d9\u05e8\u05d5\u05ea\u05d9 \u05ea\u05e2\u05e1\u05d5\u05e7\u05d4 \u05dc\u05e2\u05d5\u05dc\u05d9\u05dd \u05d7\u05d3\u05e9\u05d9\u05dd \u05d5\u05ea\u05d5\u05e9\u05d1\u05d9\u05dd \u05d7\u05d5\u05d6\u05e8\u05d9\u05dd\",\"publisher\":{\"@id\":\"https:\\\/\\\/www.maof-olim.co.il\\\/fr\\\/#organization\"},\"potentialAction\":[{\"@type\":\"SearchAction\",\"target\":{\"@type\":\"EntryPoint\",\"urlTemplate\":\"https:\\\/\\\/www.maof-olim.co.il\\\/fr\\\/?s={search_term_string}\"},\"query-input\":{\"@type\":\"PropertyValueSpecification\",\"valueRequired\":true,\"valueName\":\"search_term_string\"}}],\"inLanguage\":\"fr-FR\"},{\"@type\":\"Organization\",\"@id\":\"https:\\\/\\\/www.maof-olim.co.il\\\/fr\\\/#organization\",\"name\":\"\u05de\u05e8\u05db\u05d6 \u05d4\u05ea\u05e2\u05e1\u05d5\u05e7\u05d4 \u05dc\u05e2\u05d5\u05dc\u05d9\u05dd \u05d7\u05d3\u05e9\u05d9\u05dd \u05d5\u05ea\u05d5\u05e9\u05d1\u05d9\u05dd \u05d7\u05d5\u05d6\u05e8\u05d9\u05dd\",\"url\":\"https:\\\/\\\/www.maof-olim.co.il\\\/fr\\\/\",\"logo\":{\"@type\":\"ImageObject\",\"inLanguage\":\"fr-FR\",\"@id\":\"https:\\\/\\\/www.maof-olim.co.il\\\/fr\\\/#\\\/schema\\\/logo\\\/image\\\/\",\"url\":\"https:\\\/\\\/www.maof-olim.co.il\\\/wp-content\\\/uploads\\\/2018\\\/05\\\/eng-logo-olim.jpg\",\"contentUrl\":\"https:\\\/\\\/www.maof-olim.co.il\\\/wp-content\\\/uploads\\\/2018\\\/05\\\/eng-logo-olim.jpg\",\"width\":240,\"height\":70,\"caption\":\"\u05de\u05e8\u05db\u05d6 \u05d4\u05ea\u05e2\u05e1\u05d5\u05e7\u05d4 \u05dc\u05e2\u05d5\u05dc\u05d9\u05dd \u05d7\u05d3\u05e9\u05d9\u05dd \u05d5\u05ea\u05d5\u05e9\u05d1\u05d9\u05dd \u05d7\u05d5\u05d6\u05e8\u05d9\u05dd\"},\"image\":{\"@id\":\"https:\\\/\\\/www.maof-olim.co.il\\\/fr\\\/#\\\/schema\\\/logo\\\/image\\\/\"},\"sameAs\":[\"https:\\\/\\\/www.facebook.com\\\/jobsforolim\\\/\",\"https:\\\/\\\/www.youtube.com\\\/channel\\\/UCvkAAYaHm7ZY5UCHJfKf46w\"]}]}<\/script>\n<!-- \/ Yoast SEO plugin. -->","yoast_head_json":{"title":"Centre pour l'emploi - en Isra\u00ebl et dans le monde - \u05de\u05e8\u05db\u05d6 \u05ea\u05e2\u05e1\u05d5\u05e7\u05d4 \u05dc\u05e2\u05d5\u05dc\u05d9\u05dd \u05d7\u05d3\u05e9\u05d9\u05dd","robots":{"index":"index","follow":"follow","max-snippet":"max-snippet:-1","max-image-preview":"max-image-preview:large","max-video-preview":"max-video-preview:-1"},"canonical":"https:\/\/www.maof-olim.co.il\/fr\/centre-pour-lemploi-en-israel-et-dans-le-monde\/","og_locale":"fr_FR","og_type":"article","og_title":"Centre pour l'emploi - en Isra\u00ebl et dans le monde - \u05de\u05e8\u05db\u05d6 \u05ea\u05e2\u05e1\u05d5\u05e7\u05d4 \u05dc\u05e2\u05d5\u05dc\u05d9\u05dd \u05d7\u05d3\u05e9\u05d9\u05dd","og_description":"[vc_row css_animation=\u00a0\u00bb\u00a0\u00bb row_type=\u00a0\u00bbrow\u00a0\u00bb use_row_as_full_screen_section=\u00a0\u00bbno\u00a0\u00bb type=\u00a0\u00bbfull_width\u00a0\u00bb angled_section=\u00a0\u00bbno\u00a0\u00bb text_align=\u00a0\u00bbleft\u00a0\u00bb background_image_as_pattern=\u00a0\u00bbwithout_pattern\u00a0\u00bb][vc_column][rev_slider_vc alias=\u00a0\u00bbstripbluesliderenglish\u00a0\u00bb][\/vc_column][\/vc_row][vc_row css_animation=\u00a0\u00bb\u00a0\u00bb row_type=\u00a0\u00bbrow\u00a0\u00bb use_row_as_full_screen_section=\u00a0\u00bbno\u00a0\u00bb type=\u00a0\u00bbfull_width\u00a0\u00bb angled_section=\u00a0\u00bbno\u00a0\u00bb text_align=\u00a0\u00bbleft\u00a0\u00bb background_image_as_pattern=\u00a0\u00bbwithout_pattern\u00a0\u00bb][vc_column][rev_slider_vc alias=\u00a0\u00bbpages-slider-new\u00a0\u00bb][\/vc_column][\/vc_row][vc_row css_animation=\u00a0\u00bb\u00a0\u00bb row_type=\u00a0\u00bbrow\u00a0\u00bb use_row_as_full_screen_section=\u00a0\u00bbno\u00a0\u00bb type=\u00a0\u00bbfull_width\u00a0\u00bb angled_section=\u00a0\u00bbno\u00a0\u00bb text_align=\u00a0\u00bbleft\u00a0\u00bb background_image_as_pattern=\u00a0\u00bbwithout_pattern\u00a0\u00bb][vc_column][vc_empty_space][\/vc_column][\/vc_row][vc_row css_animation=\u00a0\u00bb\u00a0\u00bb row_type=\u00a0\u00bbrow\u00a0\u00bb use_row_as_full_screen_section=\u00a0\u00bbno\u00a0\u00bb type=\u00a0\u00bbfull_width\u00a0\u00bb angled_section=\u00a0\u00bbno\u00a0\u00bb text_align=\u00a0\u00bbleft\u00a0\u00bb background_image_as_pattern=\u00a0\u00bbwithout_pattern\u00a0\u00bb][vc_column][vc_column_text] Le Centre pour l&#8217;emploi des nouveaux immigrants et des r\u00e9sidents de retour, en Isra\u00ebl...","og_url":"https:\/\/www.maof-olim.co.il\/fr\/centre-pour-lemploi-en-israel-et-dans-le-monde\/","og_site_name":"\u05de\u05e8\u05db\u05d6 \u05ea\u05e2\u05e1\u05d5\u05e7\u05d4 \u05dc\u05e2\u05d5\u05dc\u05d9\u05dd \u05d7\u05d3\u05e9\u05d9\u05dd","article_publisher":"https:\/\/www.facebook.com\/jobsforolim\/","article_modified_time":"2018-06-04T14:15:42+00:00","twitter_card":"summary_large_image","twitter_misc":{"Dur\u00e9e de lecture estim\u00e9e":"2 minutes"},"schema":{"@context":"https:\/\/schema.org","@graph":[{"@type":"WebPage","@id":"https:\/\/www.maof-olim.co.il\/fr\/centre-pour-lemploi-en-israel-et-dans-le-monde\/","url":"https:\/\/www.maof-olim.co.il\/fr\/centre-pour-lemploi-en-israel-et-dans-le-monde\/","name":"Centre pour l'emploi - en Isra\u00ebl et dans le monde - \u05de\u05e8\u05db\u05d6 \u05ea\u05e2\u05e1\u05d5\u05e7\u05d4 \u05dc\u05e2\u05d5\u05dc\u05d9\u05dd \u05d7\u05d3\u05e9\u05d9\u05dd","isPartOf":{"@id":"https:\/\/www.maof-olim.co.il\/fr\/#website"},"datePublished":"2018-05-21T01:19:59+00:00","dateModified":"2018-06-04T14:15:42+00:00","breadcrumb":{"@id":"https:\/\/www.maof-olim.co.il\/fr\/centre-pour-lemploi-en-israel-et-dans-le-monde\/#breadcrumb"},"inLanguage":"fr-FR","potentialAction":[{"@type":"ReadAction","target":["https:\/\/www.maof-olim.co.il\/fr\/centre-pour-lemploi-en-israel-et-dans-le-monde\/"]}]},{"@type":"BreadcrumbList","@id":"https:\/\/www.maof-olim.co.il\/fr\/centre-pour-lemploi-en-israel-et-dans-le-monde\/#breadcrumb","itemListElement":[{"@type":"ListItem","position":1,"name":"Home","item":"https:\/\/www.maof-olim.co.il\/fr\/"},{"@type":"ListItem","position":2,"name":"Centre pour l&#8217;emploi &#8211; en Isra\u00ebl et dans le monde"}]},{"@type":"WebSite","@id":"https:\/\/www.maof-olim.co.il\/fr\/#website","url":"https:\/\/www.maof-olim.co.il\/fr\/","name":"\u05de\u05e8\u05db\u05d6 \u05ea\u05e2\u05e1\u05d5\u05e7\u05d4 \u05dc\u05e2\u05d5\u05dc\u05d9\u05dd \u05d7\u05d3\u05e9\u05d9\u05dd","description":"\u05e9\u05d9\u05e8\u05d5\u05ea\u05d9 \u05ea\u05e2\u05e1\u05d5\u05e7\u05d4 \u05dc\u05e2\u05d5\u05dc\u05d9\u05dd \u05d7\u05d3\u05e9\u05d9\u05dd \u05d5\u05ea\u05d5\u05e9\u05d1\u05d9\u05dd \u05d7\u05d5\u05d6\u05e8\u05d9\u05dd","publisher":{"@id":"https:\/\/www.maof-olim.co.il\/fr\/#organization"},"potentialAction":[{"@type":"SearchAction","target":{"@type":"EntryPoint","urlTemplate":"https:\/\/www.maof-olim.co.il\/fr\/?s={search_term_string}"},"query-input":{"@type":"PropertyValueSpecification","valueRequired":true,"valueName":"search_term_string"}}],"inLanguage":"fr-FR"},{"@type":"Organization","@id":"https:\/\/www.maof-olim.co.il\/fr\/#organization","name":"\u05de\u05e8\u05db\u05d6 \u05d4\u05ea\u05e2\u05e1\u05d5\u05e7\u05d4 \u05dc\u05e2\u05d5\u05dc\u05d9\u05dd \u05d7\u05d3\u05e9\u05d9\u05dd \u05d5\u05ea\u05d5\u05e9\u05d1\u05d9\u05dd \u05d7\u05d5\u05d6\u05e8\u05d9\u05dd","url":"https:\/\/www.maof-olim.co.il\/fr\/","logo":{"@type":"ImageObject","inLanguage":"fr-FR","@id":"https:\/\/www.maof-olim.co.il\/fr\/#\/schema\/logo\/image\/","url":"https:\/\/www.maof-olim.co.il\/wp-content\/uploads\/2018\/05\/eng-logo-olim.jpg","contentUrl":"https:\/\/www.maof-olim.co.il\/wp-content\/uploads\/2018\/05\/eng-logo-olim.jpg","width":240,"height":70,"caption":"\u05de\u05e8\u05db\u05d6 \u05d4\u05ea\u05e2\u05e1\u05d5\u05e7\u05d4 \u05dc\u05e2\u05d5\u05dc\u05d9\u05dd \u05d7\u05d3\u05e9\u05d9\u05dd \u05d5\u05ea\u05d5\u05e9\u05d1\u05d9\u05dd \u05d7\u05d5\u05d6\u05e8\u05d9\u05dd"},"image":{"@id":"https:\/\/www.maof-olim.co.il\/fr\/#\/schema\/logo\/image\/"},"sameAs":["https:\/\/www.facebook.com\/jobsforolim\/","https:\/\/www.youtube.com\/channel\/UCvkAAYaHm7ZY5UCHJfKf46w"]}]}},"_links":{"self":[{"href":"https:\/\/www.maof-olim.co.il\/fr\/wp-json\/wp\/v2\/pages\/1217","targetHints":{"allow":["GET"]}}],"collection":[{"href":"https:\/\/www.maof-olim.co.il\/fr\/wp-json\/wp\/v2\/pages"}],"about":[{"href":"https:\/\/www.maof-olim.co.il\/fr\/wp-json\/wp\/v2\/types\/page"}],"author":[{"embeddable":true,"href":"https:\/\/www.maof-olim.co.il\/fr\/wp-json\/wp\/v2\/users\/1"}],"replies":[{"embeddable":true,"href":"https:\/\/www.maof-olim.co.il\/fr\/wp-json\/wp\/v2\/comments?post=1217"}],"version-history":[{"count":4,"href":"https:\/\/www.maof-olim.co.il\/fr\/wp-json\/wp\/v2\/pages\/1217\/revisions"}],"predecessor-version":[{"id":1693,"href":"https:\/\/www.maof-olim.co.il\/fr\/wp-json\/wp\/v2\/pages\/1217\/revisions\/1693"}],"wp:attachment":[{"href":"https:\/\/www.maof-olim.co.il\/fr\/wp-json\/wp\/v2\/media?parent=1217"}],"curies":[{"name":"wp","href":"https:\/\/api.w.org\/{rel}","templated":true}]}}