{"id":1231,"date":"2018-05-21T04:29:11","date_gmt":"2018-05-21T01:29:11","guid":{"rendered":"https:\/\/www.maof-olim.co.il\/?page_id=1231"},"modified":"2018-06-04T17:15:08","modified_gmt":"2018-06-04T14:15:08","slug":"conseils-pour-le-nouvel-immigrant","status":"publish","type":"page","link":"https:\/\/www.maof-olim.co.il\/fr\/conseils-pour-le-nouvel-immigrant\/","title":{"rendered":"Conseils pour le nouvel immigrant"},"content":{"rendered":"<div class=\"wpb-content-wrapper\"><p>[vc_row css_animation=\u00a0\u00bb\u00a0\u00bb row_type=\u00a0\u00bbrow\u00a0\u00bb use_row_as_full_screen_section=\u00a0\u00bbno\u00a0\u00bb type=\u00a0\u00bbfull_width\u00a0\u00bb angled_section=\u00a0\u00bbno\u00a0\u00bb text_align=\u00a0\u00bbleft\u00a0\u00bb background_image_as_pattern=\u00a0\u00bbwithout_pattern\u00a0\u00bb][vc_column][rev_slider_vc alias=\u00a0\u00bbstripbluesliderenglish\u00a0\u00bb][\/vc_column][\/vc_row][vc_row css_animation=\u00a0\u00bb\u00a0\u00bb row_type=\u00a0\u00bbrow\u00a0\u00bb use_row_as_full_screen_section=\u00a0\u00bbno\u00a0\u00bb type=\u00a0\u00bbfull_width\u00a0\u00bb angled_section=\u00a0\u00bbno\u00a0\u00bb text_align=\u00a0\u00bbleft\u00a0\u00bb background_image_as_pattern=\u00a0\u00bbwithout_pattern\u00a0\u00bb][vc_column][rev_slider_vc alias=\u00a0\u00bbpages-slider-new\u00a0\u00bb][\/vc_column][\/vc_row][vc_row css_animation=\u00a0\u00bb\u00a0\u00bb row_type=\u00a0\u00bbrow\u00a0\u00bb use_row_as_full_screen_section=\u00a0\u00bbno\u00a0\u00bb type=\u00a0\u00bbfull_width\u00a0\u00bb angled_section=\u00a0\u00bbno\u00a0\u00bb text_align=\u00a0\u00bbleft\u00a0\u00bb background_image_as_pattern=\u00a0\u00bbwithout_pattern\u00a0\u00bb][vc_column][vc_empty_space][\/vc_column][\/vc_row][vc_row css_animation=\u00a0\u00bb\u00a0\u00bb row_type=\u00a0\u00bbrow\u00a0\u00bb use_row_as_full_screen_section=\u00a0\u00bbno\u00a0\u00bb type=\u00a0\u00bbfull_width\u00a0\u00bb angled_section=\u00a0\u00bbno\u00a0\u00bb text_align=\u00a0\u00bbleft\u00a0\u00bb background_image_as_pattern=\u00a0\u00bbwithout_pattern\u00a0\u00bb][vc_column][vc_column_text]<\/p>\n<h2 dir=\"ltr\" style=\"text-align: left;\">Quelques conseils sur le processus d&rsquo;immigration en Isra\u00ebl:<\/h2>\n<p>[\/vc_column_text][vc_column_text]<\/p>\n<p dir=\"ltr\" style=\"text-align: left;\"><strong>Description du processus pr\u00e9c\u00e9dent l&rsquo;immigration:<\/strong><\/p>\n<p dir=\"ltr\" style=\"text-align: left;\">1. L&rsquo;immigrant demande \u00e0 l&rsquo;agent de l&rsquo;immigration d&rsquo;immigrer en Isra\u00ebl en vertu du droit \u00e0 la Loi du retour.<\/p>\n<p dir=\"ltr\" style=\"text-align: left;\">2. Un dossier est ouvert \u00e0 l&rsquo;Agence juive, et un processus d&rsquo;enqu\u00eate et d&rsquo;examen durant plusieurs mois est \u00e9tabli. Un acte de naissance et autres document devront \u00eatre fournis.<\/p>\n<p dir=\"ltr\" style=\"text-align: left;\">3. Si le candidat est \u00e9ligible, il\/elle est invit\u00e9(e) \u00e0 l&rsquo;Agence Juive\/Organisation de l&rsquo;Aliyah pour recevoir un visa d&rsquo;immigration.<\/p>\n<p dir=\"ltr\" style=\"text-align: left;\">4. Une date d&rsquo;immigration est fix\u00e9e et un billet aller simple lui est remis ainsi qu&rsquo;aux membres de sa famille (les immigrants peuvent arriver en tant qu&rsquo;individus, en famille ou en groupe).<\/p>\n<p dir=\"ltr\" style=\"text-align: left;\">5. Une notification est envoy\u00e9e au Minist\u00e8re de l&rsquo;immigration et de l&rsquo;int\u00e9gration sur la date d&rsquo;arriv\u00e9e de l&rsquo;immigrant\/famille\/groupe, en Isra\u00ebl.<\/p>\n<p>[\/vc_column_text][vc_empty_space][vc_column_text]<\/p>\n<p dir=\"ltr\" style=\"text-align: left;\"><strong>Accueil des immigrants en Isra\u00ebl:<\/strong><\/p>\n<p dir=\"ltr\" style=\"text-align: left;\">1. Le Minist\u00e8re de l&rsquo;int\u00e9gration re\u00e7oit les messages de tous les agents du monde concernant l&rsquo;arriv\u00e9e des nouveaux immigrants.<\/p>\n<p dir=\"ltr\" style=\"text-align: left;\">2. Un dossier d&rsquo;Aliyah est pr\u00e9par\u00e9 pour un immigrant\/famille\/groupe. Documents, actes de naissance, etc.<\/p>\n<p dir=\"ltr\" style=\"text-align: left;\">3. Les immigrants sont accueillis au Terminal 3 et accompagn\u00e9s au terminal 1 au bureau de l&rsquo;int\u00e9gration de l&rsquo;a\u00e9roport Ben Gurion.<\/p>\n<p dir=\"ltr\" style=\"text-align: left;\">4. L&rsquo;immigrant re\u00e7oit alors: une carte d&rsquo;immigrant, une carte d&rsquo;identit\u00e9, le premier panier d&rsquo;int\u00e9gration soit 250\u20aa pour un adulte, 250\u20aa pour un enfant, une carte SIM avec 200 minutes d\u2019appel gratuit. L&rsquo;immigrant est aussi ralli\u00e9 \u00e0 une caisse de maladie (Koupat holim).<\/p>\n<p dir=\"ltr\" style=\"text-align: left;\">5. L&rsquo;immigrant \u2013r\u00e9cup\u00e8re ses bagages, il est alors transf\u00e9r\u00e9 dans un centre d&rsquo;int\u00e9gration\/logement du kibboutz\/kibboutz\/appartement d&rsquo;un parent. (Si la famille r\u00e9side \u00e0 Eilat, l&rsquo;immigrant re\u00e7oit un billet d&rsquo;avion pour Eilat).<\/p>\n<p dir=\"ltr\" style=\"text-align: left;\">La base d&rsquo;une int\u00e9gration r\u00e9ussie repose sur l&rsquo;obtention d&rsquo;un emploi appropri\u00e9 et satisfaisant pour l&rsquo;immigrant<\/p>\n<p>[\/vc_column_text][vc_empty_space][vc_column_text]<\/p>\n<p dir=\"ltr\" style=\"text-align: left;\"><strong>Le succ\u00e8s de l&rsquo;int\u00e9gration \u00e0 l&#8217;emploi se compose de nombreux facteurs:<\/strong><\/p>\n<p dir=\"ltr\" style=\"text-align: left;\"><img decoding=\"async\" class=\"alignnone wp-image-644\" src=\"https:\/\/www.maof-olim.co.il\/wp-content\/uploads\/2018\/01\/icon-about-blue.png\" alt=\"\" width=\"25\" height=\"15\" \/>L&rsquo;\u00e9tat du march\u00e9 de l&#8217;emploi.<br \/>\n<img decoding=\"async\" class=\"alignnone wp-image-644\" src=\"https:\/\/www.maof-olim.co.il\/wp-content\/uploads\/2018\/01\/icon-about-blue.png\" alt=\"\" width=\"25\" height=\"15\" \/>La profession de l&rsquo;immigrant et la demande sur le march\u00e9 isra\u00e9lien.<\/p>\n<p dir=\"ltr\" style=\"text-align: left;\"><img decoding=\"async\" class=\"alignnone wp-image-644\" src=\"https:\/\/www.maof-olim.co.il\/wp-content\/uploads\/2018\/01\/icon-about-blue.png\" alt=\"\" width=\"25\" height=\"15\" \/>La formation, l&rsquo;exp\u00e9rience professionnelle, l&rsquo;\u00e2ge et l&rsquo;ouverture \u00e0 une \u00e9ventuelle reconversion professionnelle.<\/p>\n<p dir=\"ltr\" style=\"text-align: left;\"><img decoding=\"async\" class=\"alignnone wp-image-644\" src=\"https:\/\/www.maof-olim.co.il\/wp-content\/uploads\/2018\/01\/icon-about-blue.png\" alt=\"\" width=\"25\" height=\"15\" \/>L&rsquo;initiative, les relations personnelles, la capacit\u00e9 de se promouvoir.<\/p>\n<p>[\/vc_column_text][vc_empty_space][vc_column_text]<\/p>\n<p dir=\"ltr\" style=\"text-align: left;\"><strong>Pour une meilleure int\u00e9gration au march\u00e9 isra\u00e9lien de l&#8217;emploi, nous recommandons \u00e0 l&rsquo;immigrant de:<\/strong><\/p>\n<p dir=\"ltr\" style=\"text-align: left;\">1. Apprendre l&rsquo;h\u00e9breu.<\/p>\n<p dir=\"ltr\" style=\"text-align: left;\">2. Faire traduire et \u00e9valuer les dipl\u00f4mes et les documents li\u00e9s \u00e0 sa formation.<\/p>\n<p dir=\"ltr\" style=\"text-align: left;\">3. Planifier un programme de recherche d&#8217;emploi avec le conseiller personnel de l&rsquo;int\u00e9gration, et\/ou le cas \u00e9ch\u00e9ant &#8211; l&rsquo;accompagnement d&rsquo;un psychologue du travail.<\/p>\n<p dir=\"ltr\" style=\"text-align: left;\">4. Effectuer un enregistrement ou une certification pour les professions n\u00e9cessitant un permis de travail isra\u00e9lien.<\/p>\n<p dir=\"ltr\" style=\"text-align: left;\">5. Chercher un emploi via les centres pour l&#8217;emploi ou de mani\u00e8re autonome.<\/p>\n<p dir=\"ltr\" style=\"text-align: left;\">6. Les immigrants qui ne peuvent trouver de travail dans leur profession ou qui n&rsquo;ont pas une profession adapt\u00e9e au march\u00e9 du travail isra\u00e9lien pourront suivre des cours de remise \u00e0 niveau ou de reconversion professionnelle (financ\u00e9s en grande partie par le Minist\u00e8re de l&rsquo;int\u00e9gration\/bourses d&rsquo;\u00c9tudes par l&rsquo;Administration estudiantine).<\/p>\n<p>[\/vc_column_text][\/vc_column][\/vc_row][vc_row css_animation=\u00a0\u00bb\u00a0\u00bb row_type=\u00a0\u00bbrow\u00a0\u00bb use_row_as_full_screen_section=\u00a0\u00bbno\u00a0\u00bb type=\u00a0\u00bbfull_width\u00a0\u00bb angled_section=\u00a0\u00bbno\u00a0\u00bb text_align=\u00a0\u00bbleft\u00a0\u00bb background_image_as_pattern=\u00a0\u00bbwithout_pattern\u00a0\u00bb][vc_column][vc_empty_space][\/vc_column][\/vc_row]<\/p>\n<\/div>","protected":false},"excerpt":{"rendered":"<p>[vc_row css_animation=\u00a0\u00bb\u00a0\u00bb row_type=\u00a0\u00bbrow\u00a0\u00bb use_row_as_full_screen_section=\u00a0\u00bbno\u00a0\u00bb type=\u00a0\u00bbfull_width\u00a0\u00bb angled_section=\u00a0\u00bbno\u00a0\u00bb text_align=\u00a0\u00bbleft\u00a0\u00bb background_image_as_pattern=\u00a0\u00bbwithout_pattern\u00a0\u00bb][vc_column][rev_slider_vc alias=\u00a0\u00bbstripbluesliderenglish\u00a0\u00bb][\/vc_column][\/vc_row][vc_row css_animation=\u00a0\u00bb\u00a0\u00bb row_type=\u00a0\u00bbrow\u00a0\u00bb use_row_as_full_screen_section=\u00a0\u00bbno\u00a0\u00bb type=\u00a0\u00bbfull_width\u00a0\u00bb angled_section=\u00a0\u00bbno\u00a0\u00bb text_align=\u00a0\u00bbleft\u00a0\u00bb background_image_as_pattern=\u00a0\u00bbwithout_pattern\u00a0\u00bb][vc_column][rev_slider_vc alias=\u00a0\u00bbpages-slider-new\u00a0\u00bb][\/vc_column][\/vc_row][vc_row css_animation=\u00a0\u00bb\u00a0\u00bb row_type=\u00a0\u00bbrow\u00a0\u00bb use_row_as_full_screen_section=\u00a0\u00bbno\u00a0\u00bb type=\u00a0\u00bbfull_width\u00a0\u00bb angled_section=\u00a0\u00bbno\u00a0\u00bb text_align=\u00a0\u00bbleft\u00a0\u00bb background_image_as_pattern=\u00a0\u00bbwithout_pattern\u00a0\u00bb][vc_column][vc_empty_space][\/vc_column][\/vc_row][vc_row css_animation=\u00a0\u00bb\u00a0\u00bb row_type=\u00a0\u00bbrow\u00a0\u00bb use_row_as_full_screen_section=\u00a0\u00bbno\u00a0\u00bb type=\u00a0\u00bbfull_width\u00a0\u00bb angled_section=\u00a0\u00bbno\u00a0\u00bb text_align=\u00a0\u00bbleft\u00a0\u00bb background_image_as_pattern=\u00a0\u00bbwithout_pattern\u00a0\u00bb][vc_column][vc_column_text] Quelques conseils sur le processus d&rsquo;immigration en Isra\u00ebl: [\/vc_column_text][vc_column_text] Description du processus pr\u00e9c\u00e9dent l&rsquo;immigration:&#8230;<\/p>\n","protected":false},"author":1,"featured_media":0,"parent":0,"menu_order":6,"comment_status":"closed","ping_status":"closed","template":"","meta":{"footnotes":""},"class_list":["post-1231","page","type-page","status-publish","hentry"],"yoast_head":"<!-- This site is optimized with the Yoast SEO plugin v27.4 - https:\/\/yoast.com\/product\/yoast-seo-wordpress\/ -->\n<title>Conseils pour le nouvel immigrant - \u05de\u05e8\u05db\u05d6 \u05ea\u05e2\u05e1\u05d5\u05e7\u05d4 \u05dc\u05e2\u05d5\u05dc\u05d9\u05dd \u05d7\u05d3\u05e9\u05d9\u05dd<\/title>\n<meta name=\"robots\" content=\"index, follow, max-snippet:-1, max-image-preview:large, max-video-preview:-1\" \/>\n<link rel=\"canonical\" href=\"https:\/\/www.maof-olim.co.il\/fr\/conseils-pour-le-nouvel-immigrant\/\" \/>\n<meta property=\"og:locale\" content=\"fr_FR\" \/>\n<meta property=\"og:type\" content=\"article\" \/>\n<meta property=\"og:title\" content=\"Conseils pour le nouvel immigrant - \u05de\u05e8\u05db\u05d6 \u05ea\u05e2\u05e1\u05d5\u05e7\u05d4 \u05dc\u05e2\u05d5\u05dc\u05d9\u05dd \u05d7\u05d3\u05e9\u05d9\u05dd\" \/>\n<meta property=\"og:description\" content=\"[vc_row css_animation=\u00a0\u00bb\u00a0\u00bb row_type=\u00a0\u00bbrow\u00a0\u00bb use_row_as_full_screen_section=\u00a0\u00bbno\u00a0\u00bb type=\u00a0\u00bbfull_width\u00a0\u00bb angled_section=\u00a0\u00bbno\u00a0\u00bb text_align=\u00a0\u00bbleft\u00a0\u00bb background_image_as_pattern=\u00a0\u00bbwithout_pattern\u00a0\u00bb][vc_column][rev_slider_vc alias=\u00a0\u00bbstripbluesliderenglish\u00a0\u00bb][\/vc_column][\/vc_row][vc_row css_animation=\u00a0\u00bb\u00a0\u00bb row_type=\u00a0\u00bbrow\u00a0\u00bb use_row_as_full_screen_section=\u00a0\u00bbno\u00a0\u00bb type=\u00a0\u00bbfull_width\u00a0\u00bb angled_section=\u00a0\u00bbno\u00a0\u00bb text_align=\u00a0\u00bbleft\u00a0\u00bb background_image_as_pattern=\u00a0\u00bbwithout_pattern\u00a0\u00bb][vc_column][rev_slider_vc alias=\u00a0\u00bbpages-slider-new\u00a0\u00bb][\/vc_column][\/vc_row][vc_row css_animation=\u00a0\u00bb\u00a0\u00bb row_type=\u00a0\u00bbrow\u00a0\u00bb use_row_as_full_screen_section=\u00a0\u00bbno\u00a0\u00bb type=\u00a0\u00bbfull_width\u00a0\u00bb angled_section=\u00a0\u00bbno\u00a0\u00bb text_align=\u00a0\u00bbleft\u00a0\u00bb background_image_as_pattern=\u00a0\u00bbwithout_pattern\u00a0\u00bb][vc_column][vc_empty_space][\/vc_column][\/vc_row][vc_row css_animation=\u00a0\u00bb\u00a0\u00bb row_type=\u00a0\u00bbrow\u00a0\u00bb use_row_as_full_screen_section=\u00a0\u00bbno\u00a0\u00bb type=\u00a0\u00bbfull_width\u00a0\u00bb angled_section=\u00a0\u00bbno\u00a0\u00bb text_align=\u00a0\u00bbleft\u00a0\u00bb background_image_as_pattern=\u00a0\u00bbwithout_pattern\u00a0\u00bb][vc_column][vc_column_text] Quelques conseils sur le processus d&rsquo;immigration en Isra\u00ebl: [\/vc_column_text][vc_column_text] Description du processus pr\u00e9c\u00e9dent l&rsquo;immigration:...\" \/>\n<meta property=\"og:url\" content=\"https:\/\/www.maof-olim.co.il\/fr\/conseils-pour-le-nouvel-immigrant\/\" \/>\n<meta property=\"og:site_name\" content=\"\u05de\u05e8\u05db\u05d6 \u05ea\u05e2\u05e1\u05d5\u05e7\u05d4 \u05dc\u05e2\u05d5\u05dc\u05d9\u05dd \u05d7\u05d3\u05e9\u05d9\u05dd\" \/>\n<meta property=\"article:publisher\" content=\"https:\/\/www.facebook.com\/jobsforolim\/\" \/>\n<meta property=\"article:modified_time\" content=\"2018-06-04T14:15:08+00:00\" \/>\n<meta property=\"og:image\" content=\"https:\/\/www.maof-olim.co.il\/wp-content\/uploads\/2018\/01\/icon-about-blue.png\" \/>\n<meta name=\"twitter:card\" content=\"summary_large_image\" \/>\n<meta name=\"twitter:label1\" content=\"Dur\u00e9e de lecture estim\u00e9e\" \/>\n\t<meta name=\"twitter:data1\" content=\"4 minutes\" \/>\n<script type=\"application\/ld+json\" class=\"yoast-schema-graph\">{\"@context\":\"https:\\\/\\\/schema.org\",\"@graph\":[{\"@type\":\"WebPage\",\"@id\":\"https:\\\/\\\/www.maof-olim.co.il\\\/fr\\\/conseils-pour-le-nouvel-immigrant\\\/\",\"url\":\"https:\\\/\\\/www.maof-olim.co.il\\\/fr\\\/conseils-pour-le-nouvel-immigrant\\\/\",\"name\":\"Conseils pour le nouvel immigrant - \u05de\u05e8\u05db\u05d6 \u05ea\u05e2\u05e1\u05d5\u05e7\u05d4 \u05dc\u05e2\u05d5\u05dc\u05d9\u05dd \u05d7\u05d3\u05e9\u05d9\u05dd\",\"isPartOf\":{\"@id\":\"https:\\\/\\\/www.maof-olim.co.il\\\/fr\\\/#website\"},\"primaryImageOfPage\":{\"@id\":\"https:\\\/\\\/www.maof-olim.co.il\\\/fr\\\/conseils-pour-le-nouvel-immigrant\\\/#primaryimage\"},\"image\":{\"@id\":\"https:\\\/\\\/www.maof-olim.co.il\\\/fr\\\/conseils-pour-le-nouvel-immigrant\\\/#primaryimage\"},\"thumbnailUrl\":\"https:\\\/\\\/www.maof-olim.co.il\\\/wp-content\\\/uploads\\\/2018\\\/01\\\/icon-about-blue.png\",\"datePublished\":\"2018-05-21T01:29:11+00:00\",\"dateModified\":\"2018-06-04T14:15:08+00:00\",\"breadcrumb\":{\"@id\":\"https:\\\/\\\/www.maof-olim.co.il\\\/fr\\\/conseils-pour-le-nouvel-immigrant\\\/#breadcrumb\"},\"inLanguage\":\"fr-FR\",\"potentialAction\":[{\"@type\":\"ReadAction\",\"target\":[\"https:\\\/\\\/www.maof-olim.co.il\\\/fr\\\/conseils-pour-le-nouvel-immigrant\\\/\"]}]},{\"@type\":\"ImageObject\",\"inLanguage\":\"fr-FR\",\"@id\":\"https:\\\/\\\/www.maof-olim.co.il\\\/fr\\\/conseils-pour-le-nouvel-immigrant\\\/#primaryimage\",\"url\":\"https:\\\/\\\/www.maof-olim.co.il\\\/wp-content\\\/uploads\\\/2018\\\/01\\\/icon-about-blue.png\",\"contentUrl\":\"https:\\\/\\\/www.maof-olim.co.il\\\/wp-content\\\/uploads\\\/2018\\\/01\\\/icon-about-blue.png\"},{\"@type\":\"BreadcrumbList\",\"@id\":\"https:\\\/\\\/www.maof-olim.co.il\\\/fr\\\/conseils-pour-le-nouvel-immigrant\\\/#breadcrumb\",\"itemListElement\":[{\"@type\":\"ListItem\",\"position\":1,\"name\":\"Home\",\"item\":\"https:\\\/\\\/www.maof-olim.co.il\\\/fr\\\/\"},{\"@type\":\"ListItem\",\"position\":2,\"name\":\"Conseils pour le nouvel immigrant\"}]},{\"@type\":\"WebSite\",\"@id\":\"https:\\\/\\\/www.maof-olim.co.il\\\/fr\\\/#website\",\"url\":\"https:\\\/\\\/www.maof-olim.co.il\\\/fr\\\/\",\"name\":\"\u05de\u05e8\u05db\u05d6 \u05ea\u05e2\u05e1\u05d5\u05e7\u05d4 \u05dc\u05e2\u05d5\u05dc\u05d9\u05dd \u05d7\u05d3\u05e9\u05d9\u05dd\",\"description\":\"\u05e9\u05d9\u05e8\u05d5\u05ea\u05d9 \u05ea\u05e2\u05e1\u05d5\u05e7\u05d4 \u05dc\u05e2\u05d5\u05dc\u05d9\u05dd \u05d7\u05d3\u05e9\u05d9\u05dd \u05d5\u05ea\u05d5\u05e9\u05d1\u05d9\u05dd \u05d7\u05d5\u05d6\u05e8\u05d9\u05dd\",\"publisher\":{\"@id\":\"https:\\\/\\\/www.maof-olim.co.il\\\/fr\\\/#organization\"},\"potentialAction\":[{\"@type\":\"SearchAction\",\"target\":{\"@type\":\"EntryPoint\",\"urlTemplate\":\"https:\\\/\\\/www.maof-olim.co.il\\\/fr\\\/?s={search_term_string}\"},\"query-input\":{\"@type\":\"PropertyValueSpecification\",\"valueRequired\":true,\"valueName\":\"search_term_string\"}}],\"inLanguage\":\"fr-FR\"},{\"@type\":\"Organization\",\"@id\":\"https:\\\/\\\/www.maof-olim.co.il\\\/fr\\\/#organization\",\"name\":\"\u05de\u05e8\u05db\u05d6 \u05d4\u05ea\u05e2\u05e1\u05d5\u05e7\u05d4 \u05dc\u05e2\u05d5\u05dc\u05d9\u05dd \u05d7\u05d3\u05e9\u05d9\u05dd \u05d5\u05ea\u05d5\u05e9\u05d1\u05d9\u05dd \u05d7\u05d5\u05d6\u05e8\u05d9\u05dd\",\"url\":\"https:\\\/\\\/www.maof-olim.co.il\\\/fr\\\/\",\"logo\":{\"@type\":\"ImageObject\",\"inLanguage\":\"fr-FR\",\"@id\":\"https:\\\/\\\/www.maof-olim.co.il\\\/fr\\\/#\\\/schema\\\/logo\\\/image\\\/\",\"url\":\"https:\\\/\\\/www.maof-olim.co.il\\\/wp-content\\\/uploads\\\/2018\\\/05\\\/eng-logo-olim.jpg\",\"contentUrl\":\"https:\\\/\\\/www.maof-olim.co.il\\\/wp-content\\\/uploads\\\/2018\\\/05\\\/eng-logo-olim.jpg\",\"width\":240,\"height\":70,\"caption\":\"\u05de\u05e8\u05db\u05d6 \u05d4\u05ea\u05e2\u05e1\u05d5\u05e7\u05d4 \u05dc\u05e2\u05d5\u05dc\u05d9\u05dd \u05d7\u05d3\u05e9\u05d9\u05dd \u05d5\u05ea\u05d5\u05e9\u05d1\u05d9\u05dd \u05d7\u05d5\u05d6\u05e8\u05d9\u05dd\"},\"image\":{\"@id\":\"https:\\\/\\\/www.maof-olim.co.il\\\/fr\\\/#\\\/schema\\\/logo\\\/image\\\/\"},\"sameAs\":[\"https:\\\/\\\/www.facebook.com\\\/jobsforolim\\\/\",\"https:\\\/\\\/www.youtube.com\\\/channel\\\/UCvkAAYaHm7ZY5UCHJfKf46w\"]}]}<\/script>\n<!-- \/ Yoast SEO plugin. -->","yoast_head_json":{"title":"Conseils pour le nouvel immigrant - \u05de\u05e8\u05db\u05d6 \u05ea\u05e2\u05e1\u05d5\u05e7\u05d4 \u05dc\u05e2\u05d5\u05dc\u05d9\u05dd \u05d7\u05d3\u05e9\u05d9\u05dd","robots":{"index":"index","follow":"follow","max-snippet":"max-snippet:-1","max-image-preview":"max-image-preview:large","max-video-preview":"max-video-preview:-1"},"canonical":"https:\/\/www.maof-olim.co.il\/fr\/conseils-pour-le-nouvel-immigrant\/","og_locale":"fr_FR","og_type":"article","og_title":"Conseils pour le nouvel immigrant - \u05de\u05e8\u05db\u05d6 \u05ea\u05e2\u05e1\u05d5\u05e7\u05d4 \u05dc\u05e2\u05d5\u05dc\u05d9\u05dd \u05d7\u05d3\u05e9\u05d9\u05dd","og_description":"[vc_row css_animation=\u00a0\u00bb\u00a0\u00bb row_type=\u00a0\u00bbrow\u00a0\u00bb use_row_as_full_screen_section=\u00a0\u00bbno\u00a0\u00bb type=\u00a0\u00bbfull_width\u00a0\u00bb angled_section=\u00a0\u00bbno\u00a0\u00bb text_align=\u00a0\u00bbleft\u00a0\u00bb background_image_as_pattern=\u00a0\u00bbwithout_pattern\u00a0\u00bb][vc_column][rev_slider_vc alias=\u00a0\u00bbstripbluesliderenglish\u00a0\u00bb][\/vc_column][\/vc_row][vc_row css_animation=\u00a0\u00bb\u00a0\u00bb row_type=\u00a0\u00bbrow\u00a0\u00bb use_row_as_full_screen_section=\u00a0\u00bbno\u00a0\u00bb type=\u00a0\u00bbfull_width\u00a0\u00bb angled_section=\u00a0\u00bbno\u00a0\u00bb text_align=\u00a0\u00bbleft\u00a0\u00bb background_image_as_pattern=\u00a0\u00bbwithout_pattern\u00a0\u00bb][vc_column][rev_slider_vc alias=\u00a0\u00bbpages-slider-new\u00a0\u00bb][\/vc_column][\/vc_row][vc_row css_animation=\u00a0\u00bb\u00a0\u00bb row_type=\u00a0\u00bbrow\u00a0\u00bb use_row_as_full_screen_section=\u00a0\u00bbno\u00a0\u00bb type=\u00a0\u00bbfull_width\u00a0\u00bb angled_section=\u00a0\u00bbno\u00a0\u00bb text_align=\u00a0\u00bbleft\u00a0\u00bb background_image_as_pattern=\u00a0\u00bbwithout_pattern\u00a0\u00bb][vc_column][vc_empty_space][\/vc_column][\/vc_row][vc_row css_animation=\u00a0\u00bb\u00a0\u00bb row_type=\u00a0\u00bbrow\u00a0\u00bb use_row_as_full_screen_section=\u00a0\u00bbno\u00a0\u00bb type=\u00a0\u00bbfull_width\u00a0\u00bb angled_section=\u00a0\u00bbno\u00a0\u00bb text_align=\u00a0\u00bbleft\u00a0\u00bb background_image_as_pattern=\u00a0\u00bbwithout_pattern\u00a0\u00bb][vc_column][vc_column_text] Quelques conseils sur le processus d&rsquo;immigration en Isra\u00ebl: [\/vc_column_text][vc_column_text] Description du processus pr\u00e9c\u00e9dent l&rsquo;immigration:...","og_url":"https:\/\/www.maof-olim.co.il\/fr\/conseils-pour-le-nouvel-immigrant\/","og_site_name":"\u05de\u05e8\u05db\u05d6 \u05ea\u05e2\u05e1\u05d5\u05e7\u05d4 \u05dc\u05e2\u05d5\u05dc\u05d9\u05dd \u05d7\u05d3\u05e9\u05d9\u05dd","article_publisher":"https:\/\/www.facebook.com\/jobsforolim\/","article_modified_time":"2018-06-04T14:15:08+00:00","og_image":[{"url":"https:\/\/www.maof-olim.co.il\/wp-content\/uploads\/2018\/01\/icon-about-blue.png","type":"","width":"","height":""}],"twitter_card":"summary_large_image","twitter_misc":{"Dur\u00e9e de lecture estim\u00e9e":"4 minutes"},"schema":{"@context":"https:\/\/schema.org","@graph":[{"@type":"WebPage","@id":"https:\/\/www.maof-olim.co.il\/fr\/conseils-pour-le-nouvel-immigrant\/","url":"https:\/\/www.maof-olim.co.il\/fr\/conseils-pour-le-nouvel-immigrant\/","name":"Conseils pour le nouvel immigrant - \u05de\u05e8\u05db\u05d6 \u05ea\u05e2\u05e1\u05d5\u05e7\u05d4 \u05dc\u05e2\u05d5\u05dc\u05d9\u05dd \u05d7\u05d3\u05e9\u05d9\u05dd","isPartOf":{"@id":"https:\/\/www.maof-olim.co.il\/fr\/#website"},"primaryImageOfPage":{"@id":"https:\/\/www.maof-olim.co.il\/fr\/conseils-pour-le-nouvel-immigrant\/#primaryimage"},"image":{"@id":"https:\/\/www.maof-olim.co.il\/fr\/conseils-pour-le-nouvel-immigrant\/#primaryimage"},"thumbnailUrl":"https:\/\/www.maof-olim.co.il\/wp-content\/uploads\/2018\/01\/icon-about-blue.png","datePublished":"2018-05-21T01:29:11+00:00","dateModified":"2018-06-04T14:15:08+00:00","breadcrumb":{"@id":"https:\/\/www.maof-olim.co.il\/fr\/conseils-pour-le-nouvel-immigrant\/#breadcrumb"},"inLanguage":"fr-FR","potentialAction":[{"@type":"ReadAction","target":["https:\/\/www.maof-olim.co.il\/fr\/conseils-pour-le-nouvel-immigrant\/"]}]},{"@type":"ImageObject","inLanguage":"fr-FR","@id":"https:\/\/www.maof-olim.co.il\/fr\/conseils-pour-le-nouvel-immigrant\/#primaryimage","url":"https:\/\/www.maof-olim.co.il\/wp-content\/uploads\/2018\/01\/icon-about-blue.png","contentUrl":"https:\/\/www.maof-olim.co.il\/wp-content\/uploads\/2018\/01\/icon-about-blue.png"},{"@type":"BreadcrumbList","@id":"https:\/\/www.maof-olim.co.il\/fr\/conseils-pour-le-nouvel-immigrant\/#breadcrumb","itemListElement":[{"@type":"ListItem","position":1,"name":"Home","item":"https:\/\/www.maof-olim.co.il\/fr\/"},{"@type":"ListItem","position":2,"name":"Conseils pour le nouvel immigrant"}]},{"@type":"WebSite","@id":"https:\/\/www.maof-olim.co.il\/fr\/#website","url":"https:\/\/www.maof-olim.co.il\/fr\/","name":"\u05de\u05e8\u05db\u05d6 \u05ea\u05e2\u05e1\u05d5\u05e7\u05d4 \u05dc\u05e2\u05d5\u05dc\u05d9\u05dd \u05d7\u05d3\u05e9\u05d9\u05dd","description":"\u05e9\u05d9\u05e8\u05d5\u05ea\u05d9 \u05ea\u05e2\u05e1\u05d5\u05e7\u05d4 \u05dc\u05e2\u05d5\u05dc\u05d9\u05dd \u05d7\u05d3\u05e9\u05d9\u05dd \u05d5\u05ea\u05d5\u05e9\u05d1\u05d9\u05dd \u05d7\u05d5\u05d6\u05e8\u05d9\u05dd","publisher":{"@id":"https:\/\/www.maof-olim.co.il\/fr\/#organization"},"potentialAction":[{"@type":"SearchAction","target":{"@type":"EntryPoint","urlTemplate":"https:\/\/www.maof-olim.co.il\/fr\/?s={search_term_string}"},"query-input":{"@type":"PropertyValueSpecification","valueRequired":true,"valueName":"search_term_string"}}],"inLanguage":"fr-FR"},{"@type":"Organization","@id":"https:\/\/www.maof-olim.co.il\/fr\/#organization","name":"\u05de\u05e8\u05db\u05d6 \u05d4\u05ea\u05e2\u05e1\u05d5\u05e7\u05d4 \u05dc\u05e2\u05d5\u05dc\u05d9\u05dd \u05d7\u05d3\u05e9\u05d9\u05dd \u05d5\u05ea\u05d5\u05e9\u05d1\u05d9\u05dd \u05d7\u05d5\u05d6\u05e8\u05d9\u05dd","url":"https:\/\/www.maof-olim.co.il\/fr\/","logo":{"@type":"ImageObject","inLanguage":"fr-FR","@id":"https:\/\/www.maof-olim.co.il\/fr\/#\/schema\/logo\/image\/","url":"https:\/\/www.maof-olim.co.il\/wp-content\/uploads\/2018\/05\/eng-logo-olim.jpg","contentUrl":"https:\/\/www.maof-olim.co.il\/wp-content\/uploads\/2018\/05\/eng-logo-olim.jpg","width":240,"height":70,"caption":"\u05de\u05e8\u05db\u05d6 \u05d4\u05ea\u05e2\u05e1\u05d5\u05e7\u05d4 \u05dc\u05e2\u05d5\u05dc\u05d9\u05dd \u05d7\u05d3\u05e9\u05d9\u05dd \u05d5\u05ea\u05d5\u05e9\u05d1\u05d9\u05dd \u05d7\u05d5\u05d6\u05e8\u05d9\u05dd"},"image":{"@id":"https:\/\/www.maof-olim.co.il\/fr\/#\/schema\/logo\/image\/"},"sameAs":["https:\/\/www.facebook.com\/jobsforolim\/","https:\/\/www.youtube.com\/channel\/UCvkAAYaHm7ZY5UCHJfKf46w"]}]}},"_links":{"self":[{"href":"https:\/\/www.maof-olim.co.il\/fr\/wp-json\/wp\/v2\/pages\/1231","targetHints":{"allow":["GET"]}}],"collection":[{"href":"https:\/\/www.maof-olim.co.il\/fr\/wp-json\/wp\/v2\/pages"}],"about":[{"href":"https:\/\/www.maof-olim.co.il\/fr\/wp-json\/wp\/v2\/types\/page"}],"author":[{"embeddable":true,"href":"https:\/\/www.maof-olim.co.il\/fr\/wp-json\/wp\/v2\/users\/1"}],"replies":[{"embeddable":true,"href":"https:\/\/www.maof-olim.co.il\/fr\/wp-json\/wp\/v2\/comments?post=1231"}],"version-history":[{"count":5,"href":"https:\/\/www.maof-olim.co.il\/fr\/wp-json\/wp\/v2\/pages\/1231\/revisions"}],"predecessor-version":[{"id":1690,"href":"https:\/\/www.maof-olim.co.il\/fr\/wp-json\/wp\/v2\/pages\/1231\/revisions\/1690"}],"wp:attachment":[{"href":"https:\/\/www.maof-olim.co.il\/fr\/wp-json\/wp\/v2\/media?parent=1231"}],"curies":[{"name":"wp","href":"https:\/\/api.w.org\/{rel}","templated":true}]}}